{"id":1219,"date":"2025-03-19T13:09:30","date_gmt":"2025-03-19T13:09:30","guid":{"rendered":"https:\/\/agrifood-trading.com\/?page_id=1219"},"modified":"2025-05-10T19:34:14","modified_gmt":"2025-05-10T19:34:14","slug":"%d9%81%d8%b9%d8%a7%d9%84%d9%8a%d8%a7%d8%aa","status":"publish","type":"page","link":"https:\/\/agrifood-trading.com\/fr\/%d9%81%d8%b9%d8%a7%d9%84%d9%8a%d8%a7%d8%aa\/","title":{"rendered":"Ev\u00e9nements"},"content":{"rendered":"<div data-elementor-type=\"wp-page\" data-elementor-id=\"1219\" class=\"elementor elementor-1219\" data-elementor-post-type=\"page\">\n\t\t\t\t<div class=\"elementor-element elementor-element-423e3dd e-flex e-con-boxed e-con e-parent\" data-id=\"423e3dd\" data-element_type=\"container\" data-settings=\"{&quot;background_background&quot;:&quot;classic&quot;}\">\n\t\t\t\t\t<div class=\"e-con-inner\">\n\t\t<div class=\"elementor-element elementor-element-33291bc e-flex e-con-boxed e-con e-child\" data-id=\"33291bc\" data-element_type=\"container\">\n\t\t\t\t\t<div class=\"e-con-inner\">\n\t\t\t\t<div class=\"elementor-element elementor-element-8e9097f elementor-invisible elementor-widget elementor-widget-heading\" data-id=\"8e9097f\" data-element_type=\"widget\" data-settings=\"{&quot;_animation&quot;:&quot;fadeInUp&quot;,&quot;_animation_delay&quot;:200}\" data-widget_type=\"heading.default\">\n\t\t\t\t<div class=\"elementor-widget-container\">\n\t\t\t\t\t<h1 class=\"elementor-heading-title elementor-size-default\">Ev\u00e9nements<\/h1>\t\t\t\t<\/div>\n\t\t\t\t<\/div>\n\t\t\t\t\t<\/div>\n\t\t\t\t<\/div>\n\t\t\t\t\t<\/div>\n\t\t\t\t<\/div>\n\t\t<div class=\"elementor-element elementor-element-09e7d4e e-flex e-con-boxed e-con e-parent\" data-id=\"09e7d4e\" data-element_type=\"container\">\n\t\t\t\t\t<div class=\"e-con-inner\">\n\t\t<div class=\"elementor-element elementor-element-b6e21d0 e-con-full e-flex elementor-invisible e-con e-child\" data-id=\"b6e21d0\" data-element_type=\"container\" data-settings=\"{&quot;animation&quot;:&quot;fadeInRight&quot;}\">\n\t\t\t\t<div class=\"elementor-element elementor-element-19ba886 elementor-widget elementor-widget-heading\" data-id=\"19ba886\" data-element_type=\"widget\" data-widget_type=\"heading.default\">\n\t\t\t\t<div class=\"elementor-widget-container\">\n\t\t\t\t\t<h2 class=\"elementor-heading-title elementor-size-default\">\u0645\u0639\u0631\u0636 \u0627\u0644\u0627\u0646\u062a\u0627\u062c \u0627\u0644\u0648\u0637\u0646\u064a <\/h2>\t\t\t\t<\/div>\n\t\t\t\t<\/div>\n\t\t\t\t<div class=\"elementor-element elementor-element-e8c936d hiba elementor-widget-divider--view-line elementor-widget elementor-widget-divider\" data-id=\"e8c936d\" data-element_type=\"widget\" data-widget_type=\"divider.default\">\n\t\t\t\t<div class=\"elementor-widget-container\">\n\t\t\t\t\t\t\t<div class=\"elementor-divider\">\n\t\t\t<span class=\"elementor-divider-separator\">\n\t\t\t\t\t\t<\/span>\n\t\t<\/div>\n\t\t\t\t\t\t<\/div>\n\t\t\t\t<\/div>\n\t\t\t\t<div class=\"elementor-element elementor-element-59b0d35 elementor-widget elementor-widget-text-editor\" data-id=\"59b0d35\" data-element_type=\"widget\" data-widget_type=\"text-editor.default\">\n\t\t\t\t<div class=\"elementor-widget-container\">\n\t\t\t\t\t\t\t\t\t<p>Nous sommes ravis de partager avec vous des moments m\u00e9morables de notre premi\u00e8re\nparticipation au salon international Djazagro, qui est l'un des \u00e9v\u00e9nements les plus\nimportants dans le secteur de l'industrie agroalimentaire et agricole. Cette exp\u00e9rience a \u00e9t\u00e9\nune excellente occasion d'\u00e9tablir de nouveaux partenariats, de pr\u00e9senter nos produits et\nservices, et de d\u00e9montrer nos progr\u00e8s. Nous remercions tous ceux qui ont visit\u00e9 notre stand\net contribu\u00e9 \u00e0 rendre cette exp\u00e9rience enrichissante et inspirante. Nous continuerons \u00e0\ntravailler dur pour offrir toujours le meilleur !<\/p>\t\t\t\t\t\t\t\t<\/div>\n\t\t\t\t<\/div>\n\t\t\t\t<\/div>\n\t\t<div class=\"elementor-element elementor-element-894d547 e-con-full e-flex elementor-invisible e-con e-child\" data-id=\"894d547\" data-element_type=\"container\" data-settings=\"{&quot;animation&quot;:&quot;fadeInLeft&quot;}\">\n\t\t\t\t<div class=\"elementor-element elementor-element-a5b788e elementor-widget elementor-widget-video\" data-id=\"a5b788e\" data-element_type=\"widget\" data-settings=\"{&quot;video_type&quot;:&quot;vimeo&quot;}\" data-widget_type=\"video.default\">\n\t\t\t\t<div class=\"elementor-widget-container\">\n\t\t\t\t\t\t\t<div class=\"elementor-wrapper elementor-open-inline\">\n\t\t\t<iframe class=\"elementor-video-iframe\" allowfullscreen allow=\"clipboard-write\" title=\"Lecteur vid\u00e9o vimeo\" src=\"https:\/\/player.vimeo.com\/video\/1077328684?color&amp;autopause=0&amp;loop=0&amp;muted=0&amp;title=1&amp;portrait=1&amp;byline=1#t=\"><\/iframe>\t\t<\/div>\n\t\t\t\t\t\t<\/div>\n\t\t\t\t<\/div>\n\t\t\t\t<\/div>\n\t\t\t\t\t<\/div>\n\t\t\t\t<\/div>\n\t\t<div class=\"elementor-element elementor-element-71fb2fa e-flex e-con-boxed e-con e-parent\" data-id=\"71fb2fa\" data-element_type=\"container\">\n\t\t\t\t\t<div class=\"e-con-inner\">\n\t\t\t\t<div class=\"elementor-element elementor-element-2d796ba elementor-widget elementor-widget-gallery\" data-id=\"2d796ba\" data-element_type=\"widget\" data-settings=\"{&quot;aspect_ratio&quot;:&quot;1:1&quot;,&quot;lazyload&quot;:&quot;yes&quot;,&quot;gallery_layout&quot;:&quot;grid&quot;,&quot;columns&quot;:4,&quot;columns_tablet&quot;:2,&quot;columns_mobile&quot;:1,&quot;gap&quot;:{&quot;unit&quot;:&quot;px&quot;,&quot;size&quot;:10,&quot;sizes&quot;:[]},&quot;gap_tablet&quot;:{&quot;unit&quot;:&quot;px&quot;,&quot;size&quot;:10,&quot;sizes&quot;:[]},&quot;gap_mobile&quot;:{&quot;unit&quot;:&quot;px&quot;,&quot;size&quot;:10,&quot;sizes&quot;:[]},&quot;overlay_background&quot;:&quot;yes&quot;,&quot;content_hover_animation&quot;:&quot;fade-in&quot;}\" data-widget_type=\"gallery.default\">\n\t\t\t\t<div class=\"elementor-widget-container\">\n\t\t\t\t\t\t\t<div class=\"elementor-gallery__container\">\n\t\t\t\t\t\t\t<div class=\"e-gallery-item elementor-gallery-item elementor-animated-content\">\n\t\t\t\t\t<div class=\"e-gallery-image elementor-gallery-item__image\" data-thumbnail=\"https:\/\/mlujsk2mxcyv.i.optimole.com\/w:auto\/h:auto\/q:mauto\/ig:avif\/https:\/\/agrifood-trading.com\/wp-content\/uploads\/2025\/04\/zin.png\" data-width=\"3000\" data-height=\"2628\" aria-label=\"\" role=\"img\" ><\/div>\n\t\t\t\t\t\t\t\t\t\t\t<div class=\"elementor-gallery-item__overlay\"><\/div>\n\t\t\t\t\t\t\t\t\t\t\t\t\t\t<\/div>\n\t\t\t\t\t\t\t<div class=\"e-gallery-item elementor-gallery-item elementor-animated-content\">\n\t\t\t\t\t<div class=\"e-gallery-image elementor-gallery-item__image\" data-thumbnail=\"https:\/\/mlujsk2mxcyv.i.optimole.com\/w:auto\/h:auto\/q:mauto\/ig:avif\/https:\/\/agrifood-trading.com\/wp-content\/uploads\/2025\/04\/team.png\" data-width=\"3500\" data-height=\"2333\" aria-label=\"\" role=\"img\" ><\/div>\n\t\t\t\t\t\t\t\t\t\t\t<div class=\"elementor-gallery-item__overlay\"><\/div>\n\t\t\t\t\t\t\t\t\t\t\t\t\t\t<\/div>\n\t\t\t\t\t\t\t<div class=\"e-gallery-item elementor-gallery-item elementor-animated-content\">\n\t\t\t\t\t<div class=\"e-gallery-image elementor-gallery-item__image\" data-thumbnail=\"https:\/\/mlujsk2mxcyv.i.optimole.com\/w:auto\/h:auto\/q:mauto\/ig:avif\/https:\/\/agrifood-trading.com\/wp-content\/uploads\/2025\/04\/IMG_7049-scaled.jpg\" data-width=\"2560\" data-height=\"1928\" aria-label=\"\" role=\"img\" ><\/div>\n\t\t\t\t\t\t\t\t\t\t\t<div class=\"elementor-gallery-item__overlay\"><\/div>\n\t\t\t\t\t\t\t\t\t\t\t\t\t\t<\/div>\n\t\t\t\t\t\t\t<div class=\"e-gallery-item elementor-gallery-item elementor-animated-content\">\n\t\t\t\t\t<div class=\"e-gallery-image elementor-gallery-item__image\" data-thumbnail=\"https:\/\/mlujsk2mxcyv.i.optimole.com\/w:auto\/h:auto\/q:mauto\/ig:avif\/https:\/\/agrifood-trading.com\/wp-content\/uploads\/2025\/04\/IMG_6968-scaled.jpg\" data-width=\"2560\" data-height=\"1707\" aria-label=\"\" role=\"img\" ><\/div>\n\t\t\t\t\t\t\t\t\t\t\t<div class=\"elementor-gallery-item__overlay\"><\/div>\n\t\t\t\t\t\t\t\t\t\t\t\t\t\t<\/div>\n\t\t\t\t\t\t\t<div class=\"e-gallery-item elementor-gallery-item elementor-animated-content\">\n\t\t\t\t\t<div class=\"e-gallery-image elementor-gallery-item__image\" data-thumbnail=\"https:\/\/mlujsk2mxcyv.i.optimole.com\/w:auto\/h:auto\/q:mauto\/ig:avif\/https:\/\/agrifood-trading.com\/wp-content\/uploads\/2025\/04\/IMG_7052-scaled.jpg\" data-width=\"2560\" data-height=\"1928\" aria-label=\"\" role=\"img\" ><\/div>\n\t\t\t\t\t\t\t\t\t\t\t<div class=\"elementor-gallery-item__overlay\"><\/div>\n\t\t\t\t\t\t\t\t\t\t\t\t\t\t<\/div>\n\t\t\t\t\t\t\t<div class=\"e-gallery-item elementor-gallery-item elementor-animated-content\">\n\t\t\t\t\t<div class=\"e-gallery-image elementor-gallery-item__image\" data-thumbnail=\"https:\/\/mlujsk2mxcyv.i.optimole.com\/w:auto\/h:auto\/q:mauto\/ig:avif\/https:\/\/agrifood-trading.com\/wp-content\/uploads\/2025\/04\/team2.png\" data-width=\"3000\" data-height=\"3000\" aria-label=\"\" role=\"img\" ><\/div>\n\t\t\t\t\t\t\t\t\t\t\t<div class=\"elementor-gallery-item__overlay\"><\/div>\n\t\t\t\t\t\t\t\t\t\t\t\t\t\t<\/div>\n\t\t\t\t\t\t\t<div class=\"e-gallery-item elementor-gallery-item elementor-animated-content\">\n\t\t\t\t\t<div class=\"e-gallery-image elementor-gallery-item__image\" data-thumbnail=\"https:\/\/mlujsk2mxcyv.i.optimole.com\/w:auto\/h:auto\/q:mauto\/ig:avif\/https:\/\/agrifood-trading.com\/wp-content\/uploads\/2025\/04\/IMG_6976-scaled.jpg\" data-width=\"2560\" data-height=\"1707\" aria-label=\"\" role=\"img\" ><\/div>\n\t\t\t\t\t\t\t\t\t\t\t<div class=\"elementor-gallery-item__overlay\"><\/div>\n\t\t\t\t\t\t\t\t\t\t\t\t\t\t<\/div>\n\t\t\t\t\t\t\t<div class=\"e-gallery-item elementor-gallery-item elementor-animated-content\">\n\t\t\t\t\t<div class=\"e-gallery-image elementor-gallery-item__image\" data-thumbnail=\"https:\/\/mlujsk2mxcyv.i.optimole.com\/w:auto\/h:auto\/q:mauto\/ig:avif\/https:\/\/agrifood-trading.com\/wp-content\/uploads\/2025\/04\/IMG_6949-scaled.jpg\" data-width=\"1707\" data-height=\"2560\" aria-label=\"\" role=\"img\" ><\/div>\n\t\t\t\t\t\t\t\t\t\t\t<div class=\"elementor-gallery-item__overlay\"><\/div>\n\t\t\t\t\t\t\t\t\t\t\t\t\t\t<\/div>\n\t\t\t\t\t\t\t<div class=\"e-gallery-item elementor-gallery-item elementor-animated-content\">\n\t\t\t\t\t<div class=\"e-gallery-image elementor-gallery-item__image\" data-thumbnail=\"https:\/\/mlujsk2mxcyv.i.optimole.com\/w:auto\/h:auto\/q:mauto\/ig:avif\/https:\/\/agrifood-trading.com\/wp-content\/uploads\/2025\/04\/IMG_6972-scaled.jpg\" data-width=\"2560\" data-height=\"1707\" aria-label=\"\" role=\"img\" ><\/div>\n\t\t\t\t\t\t\t\t\t\t\t<div class=\"elementor-gallery-item__overlay\"><\/div>\n\t\t\t\t\t\t\t\t\t\t\t\t\t\t<\/div>\n\t\t\t\t\t\t\t<div class=\"e-gallery-item elementor-gallery-item elementor-animated-content\">\n\t\t\t\t\t<div class=\"e-gallery-image elementor-gallery-item__image\" data-thumbnail=\"https:\/\/mlujsk2mxcyv.i.optimole.com\/w:auto\/h:auto\/q:mauto\/ig:avif\/https:\/\/agrifood-trading.com\/wp-content\/uploads\/2025\/04\/IMG_7063-scaled.jpg\" data-width=\"2560\" data-height=\"1928\" aria-label=\"\" role=\"img\" ><\/div>\n\t\t\t\t\t\t\t\t\t\t\t<div class=\"elementor-gallery-item__overlay\"><\/div>\n\t\t\t\t\t\t\t\t\t\t\t\t\t\t<\/div>\n\t\t\t\t\t\t\t<div class=\"e-gallery-item elementor-gallery-item elementor-animated-content\">\n\t\t\t\t\t<div class=\"e-gallery-image elementor-gallery-item__image\" data-thumbnail=\"https:\/\/mlujsk2mxcyv.i.optimole.com\/w:auto\/h:auto\/q:mauto\/ig:avif\/https:\/\/agrifood-trading.com\/wp-content\/uploads\/2025\/04\/IMG_6964-scaled.jpg\" data-width=\"2560\" data-height=\"1707\" aria-label=\"\" role=\"img\" ><\/div>\n\t\t\t\t\t\t\t\t\t\t\t<div class=\"elementor-gallery-item__overlay\"><\/div>\n\t\t\t\t\t\t\t\t\t\t\t\t\t\t<\/div>\n\t\t\t\t\t\t\t<div class=\"e-gallery-item elementor-gallery-item elementor-animated-content\">\n\t\t\t\t\t<div class=\"e-gallery-image elementor-gallery-item__image\" data-thumbnail=\"https:\/\/mlujsk2mxcyv.i.optimole.com\/w:auto\/h:auto\/q:mauto\/ig:avif\/https:\/\/agrifood-trading.com\/wp-content\/uploads\/2025\/04\/fam.png\" data-width=\"3000\" data-height=\"2000\" aria-label=\"\" role=\"img\" ><\/div>\n\t\t\t\t\t\t\t\t\t\t\t<div class=\"elementor-gallery-item__overlay\"><\/div>\n\t\t\t\t\t\t\t\t\t\t\t\t\t\t<\/div>\n\t\t\t\t\t\t\t<div class=\"e-gallery-item elementor-gallery-item elementor-animated-content\">\n\t\t\t\t\t<div class=\"e-gallery-image elementor-gallery-item__image\" data-thumbnail=\"https:\/\/mlujsk2mxcyv.i.optimole.com\/w:auto\/h:auto\/q:mauto\/ig:avif\/https:\/\/agrifood-trading.com\/wp-content\/uploads\/2025\/04\/IMG_6907-scaled.jpg\" data-width=\"2560\" data-height=\"1707\" aria-label=\"\" role=\"img\" ><\/div>\n\t\t\t\t\t\t\t\t\t\t\t<div class=\"elementor-gallery-item__overlay\"><\/div>\n\t\t\t\t\t\t\t\t\t\t\t\t\t\t<\/div>\n\t\t\t\t\t<\/div>\n\t\t\t\t\t<\/div>\n\t\t\t\t<\/div>\n\t\t\t\t\t<\/div>\n\t\t\t\t<\/div>\n\t\t\t\t<\/div>","protected":false},"excerpt":{"rendered":"<p>\u0645\u0639\u0631\u0636 \u0627\u0644\u0627\u0646\u062a\u0627\u062c \u0627\u0644\u0648\u0637\u0646\u064a \u064a\u0633\u0631\u0646\u0627 \u0623\u0646 \u0646\u0634\u0627\u0631\u0643\u0643\u0645 \u0644\u062d\u0638\u0627\u062a \u0645\u0645\u064a\u0632\u0629 \u0645\u0646 \u0645\u0634\u0627\u0631\u0643\u062a\u0646\u0627 \u0627\u0623\u0644\u0648\u0644\u0649 \u0641\u064a \u0627\u0644\u0645\u0639\u0631\u0636 \u0627\u0644\u062f\u0648\u0644\u064aDjazagro \u060c \u0627\u0644\u0630\u064a \u064a\u064f\u0639\u062f \u0645\u0646 \u0623\u0647\u0645 \u0627\u0623\u0644\u062d\u062f\u0627\u062b \u0641\u064a \u0642\u0637\u0627\u0639 \u0627\u0644\u0635\u0646\u0627\u0639\u0627\u062a \u0627\u0644\u063a\u0630\u0627\u0626\u064a\u0629 \u0648\u0627\u0644\u0632\u0631\u0627\u0639\u064a\u0629. \u0643\u0627\u0646\u062a \u0647\u0630\u0647 \u0627\u0644\u062a\u062c\u0631\u0628\u0629 \u0641\u0631\u0635\u0629 \u0631\u0627\u0626\u0639\u0629 \u0644\u0644\u062a\u0648\u0627\u0635\u0644 \u0645\u0639 \u0634\u0631\u0643\u0627\u0621 \u062c\u062f\u062f\u060c \u0648\u0639\u0631\u0636 \u0645\u0646\u062a\u062c\u0627\u062a\u0646\u0627 \u0648\u062e\u062f\u0645\u0627\u062a\u0646\u0627\u060c \u0648\u0627\u0633\u062a\u0639\u0631\u0627\u0636 \u0645\u062f\u0649 \u062a\u0637\u0648\u0631\u0646\u0627. \u0646\u0634\u0643\u0631 \u062c\u0645\u064a\u0639 \u0645\u0646 \u0632\u0627\u0631 \u062c\u0646\u0627\u062d\u0646\u0627 \u0648\u0633\u0627\u0647\u0645 \u0641\u064a \u062c\u0639\u0644 \u0647\u0630\u0647 \u0627\u0644\u062a\u062c\u0631\u0628\u0629 \u0645\u062b\u0645\u0631\u0629 \u0648\u0645\u0644\u0647\u0645\u0629. \u0633\u0646\u0648\u0627\u0635\u0644 \u0627\u0644\u0639\u0645\u0644 \u0628\u062c\u062f [&hellip;]<\/p>","protected":false},"author":1,"featured_media":0,"parent":0,"menu_order":0,"comment_status":"closed","ping_status":"closed","template":"elementor_header_footer","meta":{"footnotes":""},"class_list":["post-1219","page","type-page","status-publish","hentry"],"yoast_head":"<!-- This site is optimized with the Yoast SEO plugin v24.8.1 - https:\/\/yoast.com\/wordpress\/plugins\/seo\/ -->\n<title>\u0641\u0639\u0627\u0644\u064a\u0627\u062a - Agrifood Trading<\/title>\n<meta name=\"robots\" content=\"index, follow, max-snippet:-1, max-image-preview:large, max-video-preview:-1\" \/>\n<link rel=\"canonical\" href=\"https:\/\/agrifood-trading.com\/fr\/\u0641\u0639\u0627\u0644\u064a\u0627\u062a\/\" \/>\n<meta property=\"og:locale\" content=\"fr_FR\" \/>\n<meta property=\"og:type\" content=\"article\" \/>\n<meta property=\"og:title\" content=\"\u0641\u0639\u0627\u0644\u064a\u0627\u062a - Agrifood Trading\" \/>\n<meta property=\"og:description\" content=\"\u0645\u0639\u0631\u0636 \u0627\u0644\u0627\u0646\u062a\u0627\u062c \u0627\u0644\u0648\u0637\u0646\u064a \u064a\u0633\u0631\u0646\u0627 \u0623\u0646 \u0646\u0634\u0627\u0631\u0643\u0643\u0645 \u0644\u062d\u0638\u0627\u062a \u0645\u0645\u064a\u0632\u0629 \u0645\u0646 \u0645\u0634\u0627\u0631\u0643\u062a\u0646\u0627 \u0627\u0623\u0644\u0648\u0644\u0649 \u0641\u064a \u0627\u0644\u0645\u0639\u0631\u0636 \u0627\u0644\u062f\u0648\u0644\u064aDjazagro \u060c \u0627\u0644\u0630\u064a \u064a\u064f\u0639\u062f \u0645\u0646 \u0623\u0647\u0645 \u0627\u0623\u0644\u062d\u062f\u0627\u062b \u0641\u064a \u0642\u0637\u0627\u0639 \u0627\u0644\u0635\u0646\u0627\u0639\u0627\u062a \u0627\u0644\u063a\u0630\u0627\u0626\u064a\u0629 \u0648\u0627\u0644\u0632\u0631\u0627\u0639\u064a\u0629. \u0643\u0627\u0646\u062a \u0647\u0630\u0647 \u0627\u0644\u062a\u062c\u0631\u0628\u0629 \u0641\u0631\u0635\u0629 \u0631\u0627\u0626\u0639\u0629 \u0644\u0644\u062a\u0648\u0627\u0635\u0644 \u0645\u0639 \u0634\u0631\u0643\u0627\u0621 \u062c\u062f\u062f\u060c \u0648\u0639\u0631\u0636 \u0645\u0646\u062a\u062c\u0627\u062a\u0646\u0627 \u0648\u062e\u062f\u0645\u0627\u062a\u0646\u0627\u060c \u0648\u0627\u0633\u062a\u0639\u0631\u0627\u0636 \u0645\u062f\u0649 \u062a\u0637\u0648\u0631\u0646\u0627. \u0646\u0634\u0643\u0631 \u062c\u0645\u064a\u0639 \u0645\u0646 \u0632\u0627\u0631 \u062c\u0646\u0627\u062d\u0646\u0627 \u0648\u0633\u0627\u0647\u0645 \u0641\u064a \u062c\u0639\u0644 \u0647\u0630\u0647 \u0627\u0644\u062a\u062c\u0631\u0628\u0629 \u0645\u062b\u0645\u0631\u0629 \u0648\u0645\u0644\u0647\u0645\u0629. \u0633\u0646\u0648\u0627\u0635\u0644 \u0627\u0644\u0639\u0645\u0644 \u0628\u062c\u062f [&hellip;]\" \/>\n<meta property=\"og:url\" content=\"https:\/\/agrifood-trading.com\/fr\/\u0641\u0639\u0627\u0644\u064a\u0627\u062a\/\" \/>\n<meta property=\"og:site_name\" content=\"Agrifood Trading\" \/>\n<meta property=\"article:modified_time\" content=\"2025-05-10T19:34:14+00:00\" \/>\n<meta name=\"twitter:card\" content=\"summary_large_image\" \/>\n<meta name=\"twitter:label1\" content=\"Dur\u00e9e de lecture estim\u00e9e\" \/>\n\t<meta name=\"twitter:data1\" content=\"1 minute\" \/>\n<script type=\"application\/ld+json\" class=\"yoast-schema-graph\">{\"@context\":\"https:\/\/schema.org\",\"@graph\":[{\"@type\":\"WebPage\",\"@id\":\"https:\/\/agrifood-trading.com\/%d9%81%d8%b9%d8%a7%d9%84%d9%8a%d8%a7%d8%aa\/\",\"url\":\"https:\/\/agrifood-trading.com\/%d9%81%d8%b9%d8%a7%d9%84%d9%8a%d8%a7%d8%aa\/\",\"name\":\"\u0641\u0639\u0627\u0644\u064a\u0627\u062a - Agrifood Trading\",\"isPartOf\":{\"@id\":\"https:\/\/agrifood-trading.com\/fr\/#website\"},\"datePublished\":\"2025-03-19T13:09:30+00:00\",\"dateModified\":\"2025-05-10T19:34:14+00:00\",\"breadcrumb\":{\"@id\":\"https:\/\/agrifood-trading.com\/%d9%81%d8%b9%d8%a7%d9%84%d9%8a%d8%a7%d8%aa\/#breadcrumb\"},\"inLanguage\":\"fr-FR\",\"potentialAction\":[{\"@type\":\"ReadAction\",\"target\":[\"https:\/\/agrifood-trading.com\/%d9%81%d8%b9%d8%a7%d9%84%d9%8a%d8%a7%d8%aa\/\"]}]},{\"@type\":\"BreadcrumbList\",\"@id\":\"https:\/\/agrifood-trading.com\/%d9%81%d8%b9%d8%a7%d9%84%d9%8a%d8%a7%d8%aa\/#breadcrumb\",\"itemListElement\":[{\"@type\":\"ListItem\",\"position\":1,\"name\":\"Home\",\"item\":\"https:\/\/agrifood-trading.com\/\"},{\"@type\":\"ListItem\",\"position\":2,\"name\":\"\u0641\u0639\u0627\u0644\u064a\u0627\u062a\"}]},{\"@type\":\"WebSite\",\"@id\":\"https:\/\/agrifood-trading.com\/fr\/#website\",\"url\":\"https:\/\/agrifood-trading.com\/fr\/\",\"name\":\"Agrifood Trading\",\"description\":\"\",\"potentialAction\":[{\"@type\":\"SearchAction\",\"target\":{\"@type\":\"EntryPoint\",\"urlTemplate\":\"https:\/\/agrifood-trading.com\/fr\/?s={search_term_string}\"},\"query-input\":{\"@type\":\"PropertyValueSpecification\",\"valueRequired\":true,\"valueName\":\"search_term_string\"}}],\"inLanguage\":\"fr-FR\"}]}<\/script>\n<!-- \/ Yoast SEO plugin. -->","yoast_head_json":{"title":"\u0641\u0639\u0627\u0644\u064a\u0627\u062a - Agrifood Trading","robots":{"index":"index","follow":"follow","max-snippet":"max-snippet:-1","max-image-preview":"max-image-preview:large","max-video-preview":"max-video-preview:-1"},"canonical":"https:\/\/agrifood-trading.com\/fr\/\u0641\u0639\u0627\u0644\u064a\u0627\u062a\/","og_locale":"fr_FR","og_type":"article","og_title":"\u0641\u0639\u0627\u0644\u064a\u0627\u062a - Agrifood Trading","og_description":"\u0645\u0639\u0631\u0636 \u0627\u0644\u0627\u0646\u062a\u0627\u062c \u0627\u0644\u0648\u0637\u0646\u064a \u064a\u0633\u0631\u0646\u0627 \u0623\u0646 \u0646\u0634\u0627\u0631\u0643\u0643\u0645 \u0644\u062d\u0638\u0627\u062a \u0645\u0645\u064a\u0632\u0629 \u0645\u0646 \u0645\u0634\u0627\u0631\u0643\u062a\u0646\u0627 \u0627\u0623\u0644\u0648\u0644\u0649 \u0641\u064a \u0627\u0644\u0645\u0639\u0631\u0636 \u0627\u0644\u062f\u0648\u0644\u064aDjazagro \u060c \u0627\u0644\u0630\u064a \u064a\u064f\u0639\u062f \u0645\u0646 \u0623\u0647\u0645 \u0627\u0623\u0644\u062d\u062f\u0627\u062b \u0641\u064a \u0642\u0637\u0627\u0639 \u0627\u0644\u0635\u0646\u0627\u0639\u0627\u062a \u0627\u0644\u063a\u0630\u0627\u0626\u064a\u0629 \u0648\u0627\u0644\u0632\u0631\u0627\u0639\u064a\u0629. \u0643\u0627\u0646\u062a \u0647\u0630\u0647 \u0627\u0644\u062a\u062c\u0631\u0628\u0629 \u0641\u0631\u0635\u0629 \u0631\u0627\u0626\u0639\u0629 \u0644\u0644\u062a\u0648\u0627\u0635\u0644 \u0645\u0639 \u0634\u0631\u0643\u0627\u0621 \u062c\u062f\u062f\u060c \u0648\u0639\u0631\u0636 \u0645\u0646\u062a\u062c\u0627\u062a\u0646\u0627 \u0648\u062e\u062f\u0645\u0627\u062a\u0646\u0627\u060c \u0648\u0627\u0633\u062a\u0639\u0631\u0627\u0636 \u0645\u062f\u0649 \u062a\u0637\u0648\u0631\u0646\u0627. \u0646\u0634\u0643\u0631 \u062c\u0645\u064a\u0639 \u0645\u0646 \u0632\u0627\u0631 \u062c\u0646\u0627\u062d\u0646\u0627 \u0648\u0633\u0627\u0647\u0645 \u0641\u064a \u062c\u0639\u0644 \u0647\u0630\u0647 \u0627\u0644\u062a\u062c\u0631\u0628\u0629 \u0645\u062b\u0645\u0631\u0629 \u0648\u0645\u0644\u0647\u0645\u0629. \u0633\u0646\u0648\u0627\u0635\u0644 \u0627\u0644\u0639\u0645\u0644 \u0628\u062c\u062f [&hellip;]","og_url":"https:\/\/agrifood-trading.com\/fr\/\u0641\u0639\u0627\u0644\u064a\u0627\u062a\/","og_site_name":"Agrifood Trading","article_modified_time":"2025-05-10T19:34:14+00:00","twitter_card":"summary_large_image","twitter_misc":{"Dur\u00e9e de lecture estim\u00e9e":"1 minute"},"schema":{"@context":"https:\/\/schema.org","@graph":[{"@type":"WebPage","@id":"https:\/\/agrifood-trading.com\/%d9%81%d8%b9%d8%a7%d9%84%d9%8a%d8%a7%d8%aa\/","url":"https:\/\/agrifood-trading.com\/%d9%81%d8%b9%d8%a7%d9%84%d9%8a%d8%a7%d8%aa\/","name":"\u0641\u0639\u0627\u0644\u064a\u0627\u062a - Agrifood Trading","isPartOf":{"@id":"https:\/\/agrifood-trading.com\/fr\/#website"},"datePublished":"2025-03-19T13:09:30+00:00","dateModified":"2025-05-10T19:34:14+00:00","breadcrumb":{"@id":"https:\/\/agrifood-trading.com\/%d9%81%d8%b9%d8%a7%d9%84%d9%8a%d8%a7%d8%aa\/#breadcrumb"},"inLanguage":"fr-FR","potentialAction":[{"@type":"ReadAction","target":["https:\/\/agrifood-trading.com\/%d9%81%d8%b9%d8%a7%d9%84%d9%8a%d8%a7%d8%aa\/"]}]},{"@type":"BreadcrumbList","@id":"https:\/\/agrifood-trading.com\/%d9%81%d8%b9%d8%a7%d9%84%d9%8a%d8%a7%d8%aa\/#breadcrumb","itemListElement":[{"@type":"ListItem","position":1,"name":"Home","item":"https:\/\/agrifood-trading.com\/"},{"@type":"ListItem","position":2,"name":"\u0641\u0639\u0627\u0644\u064a\u0627\u062a"}]},{"@type":"WebSite","@id":"https:\/\/agrifood-trading.com\/fr\/#website","url":"https:\/\/agrifood-trading.com\/fr\/","name":"Agrifood Trading","description":"","potentialAction":[{"@type":"SearchAction","target":{"@type":"EntryPoint","urlTemplate":"https:\/\/agrifood-trading.com\/fr\/?s={search_term_string}"},"query-input":{"@type":"PropertyValueSpecification","valueRequired":true,"valueName":"search_term_string"}}],"inLanguage":"fr-FR"}]}},"_links":{"self":[{"href":"https:\/\/agrifood-trading.com\/fr\/wp-json\/wp\/v2\/pages\/1219","targetHints":{"allow":["GET"]}}],"collection":[{"href":"https:\/\/agrifood-trading.com\/fr\/wp-json\/wp\/v2\/pages"}],"about":[{"href":"https:\/\/agrifood-trading.com\/fr\/wp-json\/wp\/v2\/types\/page"}],"author":[{"embeddable":true,"href":"https:\/\/agrifood-trading.com\/fr\/wp-json\/wp\/v2\/users\/1"}],"replies":[{"embeddable":true,"href":"https:\/\/agrifood-trading.com\/fr\/wp-json\/wp\/v2\/comments?post=1219"}],"version-history":[{"count":52,"href":"https:\/\/agrifood-trading.com\/fr\/wp-json\/wp\/v2\/pages\/1219\/revisions"}],"predecessor-version":[{"id":1541,"href":"https:\/\/agrifood-trading.com\/fr\/wp-json\/wp\/v2\/pages\/1219\/revisions\/1541"}],"wp:attachment":[{"href":"https:\/\/agrifood-trading.com\/fr\/wp-json\/wp\/v2\/media?parent=1219"}],"curies":[{"name":"wp","href":"https:\/\/api.w.org\/{rel}","templated":true}]}}