{"id":30,"date":"2024-06-05T18:55:06","date_gmt":"2024-06-05T18:55:06","guid":{"rendered":"https:\/\/agrifoodtrading.hibaboudis.com\/?page_id=30"},"modified":"2025-04-23T11:14:47","modified_gmt":"2025-04-23T11:14:47","slug":"%d8%a7%d8%aa%d8%b5%d9%84-%d8%a8%d9%86%d8%a7","status":"publish","type":"page","link":"https:\/\/agrifood-trading.com\/fr\/%d8%a7%d8%aa%d8%b5%d9%84-%d8%a8%d9%86%d8%a7\/","title":{"rendered":"Contactez-nous"},"content":{"rendered":"<div data-elementor-type=\"wp-page\" data-elementor-id=\"30\" class=\"elementor elementor-30\" data-elementor-post-type=\"page\">\n\t\t\t\t<div class=\"elementor-element elementor-element-f4d13a9 e-flex e-con-boxed e-con e-parent\" data-id=\"f4d13a9\" data-element_type=\"container\" data-settings=\"{&quot;background_background&quot;:&quot;classic&quot;}\">\n\t\t\t\t\t<div class=\"e-con-inner\">\n\t\t<div class=\"elementor-element elementor-element-4a8daac e-flex e-con-boxed e-con e-child\" data-id=\"4a8daac\" data-element_type=\"container\">\n\t\t\t\t\t<div class=\"e-con-inner\">\n\t\t\t\t<div class=\"elementor-element elementor-element-3bf7f70 elementor-invisible elementor-widget elementor-widget-heading\" data-id=\"3bf7f70\" data-element_type=\"widget\" data-settings=\"{&quot;_animation&quot;:&quot;fadeInUp&quot;,&quot;_animation_delay&quot;:200}\" data-widget_type=\"heading.default\">\n\t\t\t\t<div class=\"elementor-widget-container\">\n\t\t\t\t\t<h1 class=\"elementor-heading-title elementor-size-default\">Contactez-nous<\/h1>\t\t\t\t<\/div>\n\t\t\t\t<\/div>\n\t\t\t\t\t<\/div>\n\t\t\t\t<\/div>\n\t\t\t\t\t<\/div>\n\t\t\t\t<\/div>\n\t\t\t\t<section class=\"elementor-section elementor-top-section elementor-element elementor-element-33604568 elementor-section-boxed elementor-section-height-default elementor-section-height-default\" data-id=\"33604568\" data-element_type=\"section\">\n\t\t\t\t\t\t<div class=\"elementor-container elementor-column-gap-default\">\n\t\t\t\t\t<div class=\"elementor-column elementor-col-33 elementor-top-column elementor-element elementor-element-18c67324 elementor-invisible\" data-id=\"18c67324\" data-element_type=\"column\" data-settings=\"{&quot;background_background&quot;:&quot;classic&quot;,&quot;animation&quot;:&quot;fadeIn&quot;}\">\n\t\t\t<div class=\"elementor-widget-wrap elementor-element-populated\">\n\t\t\t\t\t\t<div class=\"elementor-element elementor-element-487efcae elementor-widget elementor-widget-heading\" data-id=\"487efcae\" data-element_type=\"widget\" data-widget_type=\"heading.default\">\n\t\t\t\t<div class=\"elementor-widget-container\">\n\t\t\t\t\t<h2 class=\"elementor-heading-title elementor-size-default\">Rester en contact<\/h2>\t\t\t\t<\/div>\n\t\t\t\t<\/div>\n\t\t\t\t<div class=\"elementor-element elementor-element-519d856d elementor-widget elementor-widget-heading\" data-id=\"519d856d\" data-element_type=\"widget\" data-widget_type=\"heading.default\">\n\t\t\t\t<div class=\"elementor-widget-container\">\n\t\t\t\t\t<div class=\"elementor-heading-title elementor-size-default\">Ce texte est un exemple de texte qui peut \u00eatre remplac\u00e9e dans le m\u00eame espace, ce texte a \u00e9t\u00e9 g\u00e9n\u00e9r\u00e9 \u00e0 partir de l&#039;arabe g\u00e9n\u00e9rateur de texte<\/div>\t\t\t\t<\/div>\n\t\t\t\t<\/div>\n\t\t\t\t<div class=\"elementor-element elementor-element-216048fd elementor-widget-divider--view-line elementor-widget elementor-widget-divider\" data-id=\"216048fd\" data-element_type=\"widget\" data-widget_type=\"divider.default\">\n\t\t\t\t<div class=\"elementor-widget-container\">\n\t\t\t\t\t\t\t<div class=\"elementor-divider\">\n\t\t\t<span class=\"elementor-divider-separator\">\n\t\t\t\t\t\t<\/span>\n\t\t<\/div>\n\t\t\t\t\t\t<\/div>\n\t\t\t\t<\/div>\n\t\t\t\t<div class=\"elementor-element elementor-element-7b2e9e0f elementor-view-stacked elementor-position-right elementor-mobile-position-left elementor-shape-circle elementor-vertical-align-top elementor-widget elementor-widget-icon-box\" data-id=\"7b2e9e0f\" data-element_type=\"widget\" data-widget_type=\"icon-box.default\">\n\t\t\t\t<div class=\"elementor-widget-container\">\n\t\t\t\t\t\t\t<div class=\"elementor-icon-box-wrapper\">\n\n\t\t\t\t\t\t<div class=\"elementor-icon-box-icon\">\n\t\t\t\t<span  class=\"elementor-icon\">\n\t\t\t\t<i aria-hidden=\"true\" class=\"icon icon-google-map\"><\/i>\t\t\t\t<\/span>\n\t\t\t<\/div>\n\t\t\t\n\t\t\t\t\t\t<div class=\"elementor-icon-box-content\">\n\n\t\t\t\t\t\t\t\t\t<div class=\"elementor-icon-box-title\">\n\t\t\t\t\t\t<span  >\n\t\t\t\t\t\t\tSi\u00e8ge social\t\t\t\t\t\t<\/span>\n\t\t\t\t\t<\/div>\n\t\t\t\t\n\t\t\t\t\t\t\t\t\t<p class=\"elementor-icon-box-description\">\n\t\t\t\t\t\tBaraki, Alg\u00e9rie\t\t\t\t\t<\/p>\n\t\t\t\t\n\t\t\t<\/div>\n\t\t\t\n\t\t<\/div>\n\t\t\t\t\t\t<\/div>\n\t\t\t\t<\/div>\n\t\t\t\t<div class=\"elementor-element elementor-element-30bbcc91 elementor-view-stacked elementor-position-right elementor-mobile-position-left elementor-shape-circle elementor-vertical-align-top elementor-widget elementor-widget-icon-box\" data-id=\"30bbcc91\" data-element_type=\"widget\" data-widget_type=\"icon-box.default\">\n\t\t\t\t<div class=\"elementor-widget-container\">\n\t\t\t\t\t\t\t<div class=\"elementor-icon-box-wrapper\">\n\n\t\t\t\t\t\t<div class=\"elementor-icon-box-icon\">\n\t\t\t\t<span  class=\"elementor-icon\">\n\t\t\t\t<i aria-hidden=\"true\" class=\"icon icon-email\"><\/i>\t\t\t\t<\/span>\n\t\t\t<\/div>\n\t\t\t\n\t\t\t\t\t\t<div class=\"elementor-icon-box-content\">\n\n\t\t\t\t\t\t\t\t\t<div class=\"elementor-icon-box-title\">\n\t\t\t\t\t\t<span  >\n\t\t\t\t\t\t\tE-mail\t\t\t\t\t\t<\/span>\n\t\t\t\t\t<\/div>\n\t\t\t\t\n\t\t\t\t\t\t\t\t\t<p class=\"elementor-icon-box-description\">\n\t\t\t\t\t\t\ncontact@agrifoodtrading.com\t\t\t\t\t<\/p>\n\t\t\t\t\n\t\t\t<\/div>\n\t\t\t\n\t\t<\/div>\n\t\t\t\t\t\t<\/div>\n\t\t\t\t<\/div>\n\t\t\t\t<div class=\"elementor-element elementor-element-1a549240 elementor-view-stacked elementor-position-right elementor-mobile-position-left elementor-shape-circle elementor-vertical-align-top elementor-widget elementor-widget-icon-box\" data-id=\"1a549240\" data-element_type=\"widget\" data-widget_type=\"icon-box.default\">\n\t\t\t\t<div class=\"elementor-widget-container\">\n\t\t\t\t\t\t\t<div class=\"elementor-icon-box-wrapper\">\n\n\t\t\t\t\t\t<div class=\"elementor-icon-box-icon\">\n\t\t\t\t<span  class=\"elementor-icon\">\n\t\t\t\t<i aria-hidden=\"true\" class=\"icon icon-phone-call2\"><\/i>\t\t\t\t<\/span>\n\t\t\t<\/div>\n\t\t\t\n\t\t\t\t\t\t<div class=\"elementor-icon-box-content\">\n\n\t\t\t\t\t\t\t\t\t<div class=\"elementor-icon-box-title\">\n\t\t\t\t\t\t<span  >\n\t\t\t\t\t\t\tContactez-nous\t\t\t\t\t\t<\/span>\n\t\t\t\t\t<\/div>\n\t\t\t\t\n\t\t\t\t\t\t\t\t\t<p class=\"elementor-icon-box-description\">\n\t\t\t\t\t\t0770064542 \t\t\t\t\t<\/p>\n\t\t\t\t\n\t\t\t<\/div>\n\t\t\t\n\t\t<\/div>\n\t\t\t\t\t\t<\/div>\n\t\t\t\t<\/div>\n\t\t\t\t\t<\/div>\n\t\t<\/div>\n\t\t\t\t<div class=\"elementor-column elementor-col-33 elementor-top-column elementor-element elementor-element-46b6053a elementor-invisible\" data-id=\"46b6053a\" data-element_type=\"column\" data-settings=\"{&quot;animation&quot;:&quot;fadeIn&quot;,&quot;animation_delay&quot;:200}\">\n\t\t\t<div class=\"elementor-widget-wrap elementor-element-populated\">\n\t\t\t\t\t\t<div class=\"elementor-element elementor-element-407add7b elementor-widget elementor-widget-google_maps\" data-id=\"407add7b\" data-element_type=\"widget\" data-widget_type=\"google_maps.default\">\n\t\t\t\t<div class=\"elementor-widget-container\">\n\t\t\t\t\t\t\t<div class=\"elementor-custom-embed\">\n\t\t\t<iframe loading=\"lazy\"\n\t\t\t\t\tsrc=\"https:\/\/maps.google.com\/maps?q=baraki&#038;t=m&#038;z=14&#038;output=embed&#038;iwloc=near\"\n\t\t\t\t\ttitle=\"baraki\"\n\t\t\t\t\taria-label=\"baraki\"\n\t\t\t><\/iframe>\n\t\t<\/div>\n\t\t\t\t\t\t<\/div>\n\t\t\t\t<\/div>\n\t\t\t\t\t<\/div>\n\t\t<\/div>\n\t\t\t\t<div class=\"elementor-column elementor-col-33 elementor-top-column elementor-element elementor-element-01fdba8\" data-id=\"01fdba8\" data-element_type=\"column\" data-settings=\"{&quot;background_background&quot;:&quot;classic&quot;}\">\n\t\t\t<div class=\"elementor-widget-wrap elementor-element-populated\">\n\t\t\t\t\t\t<div class=\"elementor-element elementor-element-e70546c elementor-widget elementor-widget-heading\" data-id=\"e70546c\" data-element_type=\"widget\" data-widget_type=\"heading.default\">\n\t\t\t\t<div class=\"elementor-widget-container\">\n\t\t\t\t\t<h2 class=\"elementor-heading-title elementor-size-default\">Envoyez-nous un message<\/h2>\t\t\t\t<\/div>\n\t\t\t\t<\/div>\n\t\t\t\t<div class=\"elementor-element elementor-element-be4822b elementor-widget elementor-widget-heading\" data-id=\"be4822b\" data-element_type=\"widget\" data-widget_type=\"heading.default\">\n\t\t\t\t<div class=\"elementor-widget-container\">\n\t\t\t\t\t<div class=\"elementor-heading-title elementor-size-default\">Ce texte est un exemple de texte qui peut \u00eatre remplac\u00e9e dans le m\u00eame espace, ce texte a \u00e9t\u00e9 g\u00e9n\u00e9r\u00e9 \u00e0 partir de l&#039;arabe g\u00e9n\u00e9rateur de texte<\/div>\t\t\t\t<\/div>\n\t\t\t\t<\/div>\n\t\t\t\t<div class=\"elementor-element elementor-element-4564bc0b elementor-button-align-stretch elementor-widget elementor-widget-form\" data-id=\"4564bc0b\" data-element_type=\"widget\" data-settings=\"{&quot;step_next_label&quot;:&quot;Next&quot;,&quot;step_previous_label&quot;:&quot;Previous&quot;,&quot;button_width&quot;:&quot;100&quot;,&quot;step_type&quot;:&quot;number_text&quot;,&quot;step_icon_shape&quot;:&quot;circle&quot;}\" data-widget_type=\"form.default\">\n\t\t\t\t<div class=\"elementor-widget-container\">\n\t\t\t\t\t\t\t<form class=\"elementor-form\" method=\"post\" name=\"New Form\" action=\"\">\n\t\t\t<input type=\"hidden\" name=\"post_id\" value=\"30\"\/>\n\t\t\t<input type=\"hidden\" name=\"form_id\" value=\"4564bc0b\"\/>\n\t\t\t<input type=\"hidden\" name=\"referer_title\" value=\"Agrifood Trading\" \/>\n\n\t\t\t\n\t\t\t<div class=\"elementor-form-fields-wrapper elementor-labels-\">\n\t\t\t\t\t\t\t\t<div class=\"elementor-field-type-text elementor-field-group elementor-column elementor-field-group-name elementor-col-50 elementor-field-required\">\n\t\t\t\t\t\t\t\t\t\t\t\t<label for=\"form-field-name\" class=\"elementor-field-label elementor-screen-only\">\n\t\t\t\t\t\t\t\tNom\t\t\t\t\t\t\t<\/label>\n\t\t\t\t\t\t\t\t\t\t\t\t\t\t<input size=\"1\" type=\"text\" name=\"form_fields[name]\" id=\"form-field-name\" class=\"elementor-field elementor-size-md  elementor-field-textual\" placeholder=\"Nom:\" required=\"required\" aria-required=\"true\">\n\t\t\t\t\t\t\t\t\t\t\t<\/div>\n\t\t\t\t\t\t\t\t<div class=\"elementor-field-type-text elementor-field-group elementor-column elementor-field-group-field_2e4e75a elementor-col-50 elementor-field-required\">\n\t\t\t\t\t\t\t\t\t\t\t\t<label for=\"form-field-field_2e4e75a\" class=\"elementor-field-label elementor-screen-only\">\n\t\t\t\t\t\t\t\tNom\t\t\t\t\t\t\t<\/label>\n\t\t\t\t\t\t\t\t\t\t\t\t\t\t<input size=\"1\" type=\"text\" name=\"form_fields[field_2e4e75a]\" id=\"form-field-field_2e4e75a\" class=\"elementor-field elementor-size-md  elementor-field-textual\" placeholder=\"Nom de famille\" required=\"required\" aria-required=\"true\">\n\t\t\t\t\t\t\t\t\t\t\t<\/div>\n\t\t\t\t\t\t\t\t<div class=\"elementor-field-type-tel elementor-field-group elementor-column elementor-field-group-email elementor-col-50 elementor-field-required\">\n\t\t\t\t\t\t\t\t\t\t\t\t<label for=\"form-field-email\" class=\"elementor-field-label elementor-screen-only\">\n\t\t\t\t\t\t\t\tT\u00e9l\u00e9phone\t\t\t\t\t\t\t<\/label>\n\t\t\t\t\t\t\t\t<input size=\"1\" type=\"tel\" name=\"form_fields[email]\" id=\"form-field-email\" class=\"elementor-field elementor-size-md  elementor-field-textual\" placeholder=\"Num\u00e9ro de t\u00e9l\u00e9phone\" required=\"required\" aria-required=\"true\" pattern=\"[0-9()#&amp;+*-=.]+\" title=\"Only numbers and phone characters (#, -, *, etc) are accepted.\">\n\n\t\t\t\t\t\t<\/div>\n\t\t\t\t\t\t\t\t<div class=\"elementor-field-type-email elementor-field-group elementor-column elementor-field-group-field_3efeb4b elementor-col-50 elementor-field-required\">\n\t\t\t\t\t\t\t\t\t\t\t\t<label for=\"form-field-field_3efeb4b\" class=\"elementor-field-label elementor-screen-only\">\n\t\t\t\t\t\t\t\tEmail\t\t\t\t\t\t\t<\/label>\n\t\t\t\t\t\t\t\t\t\t\t\t\t\t<input size=\"1\" type=\"email\" name=\"form_fields[field_3efeb4b]\" id=\"form-field-field_3efeb4b\" class=\"elementor-field elementor-size-md  elementor-field-textual\" placeholder=\"Email\" required=\"required\" aria-required=\"true\">\n\t\t\t\t\t\t\t\t\t\t\t<\/div>\n\t\t\t\t\t\t\t\t<div class=\"elementor-field-type-textarea elementor-field-group elementor-column elementor-field-group-message elementor-col-100\">\n\t\t\t\t\t\t\t\t\t\t\t\t<label for=\"form-field-message\" class=\"elementor-field-label elementor-screen-only\">\n\t\t\t\t\t\t\t\tMessage\t\t\t\t\t\t\t<\/label>\n\t\t\t\t\t\t<textarea class=\"elementor-field-textual elementor-field  elementor-size-md\" name=\"form_fields[message]\" id=\"form-field-message\" rows=\"4\" placeholder=\"Le message\"><\/textarea>\t\t\t\t<\/div>\n\t\t\t\t\t\t\t\t<div class=\"elementor-field-group elementor-column elementor-field-type-submit elementor-col-100 e-form__buttons\">\n\t\t\t\t\t<button type=\"submit\" class=\"elementor-button elementor-size-md\">\n\t\t\t\t\t\t<span >\n\t\t\t\t\t\t\t\t\t\t\t\t\t\t\t<span class=\"elementor-align-icon-left elementor-button-icon\">\n\t\t\t\t\t\t\t\t\t<i aria-hidden=\"true\" class=\"mdi mdi-email-send\"><\/i>\t\t\t\t\t\t\t\t\t\t\t\t\t\t\t\t\t<\/span>\n\t\t\t\t\t\t\t\t\t\t\t\t\t\t\t\t\t\t\t\t\t\t<span class=\"elementor-button-text\">Envoyer un message<\/span>\n\t\t\t\t\t\t\t\t\t\t\t\t\t<\/span>\n\t\t\t\t\t<\/button>\n\t\t\t\t<\/div>\n\t\t\t<\/div>\n\t\t<input type=\"hidden\" name=\"trp-form-language\" value=\"fr\"\/><\/form>\n\t\t\t\t\t\t<\/div>\n\t\t\t\t<\/div>\n\t\t\t\t\t<\/div>\n\t\t<\/div>\n\t\t\t\t\t<\/div>\n\t\t<\/section>\n\t\t\t\t<\/div>","protected":false},"excerpt":{"rendered":"<p>\u0627\u0628\u0642\u0649 \u0639\u0644\u0649 \u062a\u0648\u0627\u0635\u0644 \u0647\u0630\u0627 \u0627\u0644\u0646\u0635 \u0647\u0648 \u0645\u062b\u0627\u0644 \u0644\u0646\u0635 \u064a\u0645\u0643\u0646 \u0623\u0646 \u064a\u0633\u062a\u0628\u062f\u0644 \u0641\u064a \u0646\u0641\u0633 \u0627\u0644\u0645\u0633\u0627\u062d\u0629\u060c \u0644\u0642\u062f \u062a\u0645 \u062a\u0648\u0644\u064a\u062f \u0647\u0630\u0627 \u0627\u0644\u0646\u0635 \u0645\u0646 \u0645\u0648\u0644\u062f \u0627\u0644\u0646\u0635 \u0627\u0644\u0639\u0631\u0628\u0649 \u0627\u0644\u0645\u0643\u062a\u0628 \u0627\u0644\u0631\u0626\u064a\u0633\u064a \u0628\u0631\u0627\u0642\u064a , \u0627\u0644\u062c\u0632\u0627\u0626\u0631 \u0627\u0644\u0628\u0631\u064a\u062f \u0627\u0644\u0625\u0644\u0643\u062a\u0631\u0648\u0646\u064a contact@agrifoodtrading.com \u0627\u062a\u0635\u0644 \u0628\u0646\u0627 0770064542 \u0623\u0631\u0633\u0644 \u0644\u0646\u0627 \u0631\u0633\u0627\u0644\u0629 \u0647\u0630\u0627 \u0627\u0644\u0646\u0635 \u0647\u0648 \u0645\u062b\u0627\u0644 \u0644\u0646\u0635 \u064a\u0645\u0643\u0646 \u0623\u0646 \u064a\u0633\u062a\u0628\u062f\u0644 \u0641\u064a \u0646\u0641\u0633 \u0627\u0644\u0645\u0633\u0627\u062d\u0629\u060c \u0644\u0642\u062f \u062a\u0645 \u062a\u0648\u0644\u064a\u062f \u0647\u0630\u0627 \u0627\u0644\u0646\u0635 \u0645\u0646 \u0645\u0648\u0644\u062f [&hellip;]<\/p>","protected":false},"author":1,"featured_media":0,"parent":0,"menu_order":0,"comment_status":"closed","ping_status":"closed","template":"elementor_header_footer","meta":{"footnotes":""},"class_list":["post-30","page","type-page","status-publish","hentry"],"yoast_head":"<!-- This site is optimized with the Yoast SEO plugin v24.8.1 - https:\/\/yoast.com\/wordpress\/plugins\/seo\/ -->\n<title>\u0627\u062a\u0635\u0644 \u0628\u0646\u0627 - Agrifood Trading<\/title>\n<meta name=\"robots\" content=\"index, follow, max-snippet:-1, max-image-preview:large, max-video-preview:-1\" \/>\n<link rel=\"canonical\" href=\"https:\/\/agrifood-trading.com\/fr\/\u0627\u062a\u0635\u0644-\u0628\u0646\u0627\/\" \/>\n<meta property=\"og:locale\" content=\"fr_FR\" \/>\n<meta property=\"og:type\" content=\"article\" \/>\n<meta property=\"og:title\" content=\"\u0627\u062a\u0635\u0644 \u0628\u0646\u0627 - Agrifood Trading\" \/>\n<meta property=\"og:description\" content=\"\u0627\u0628\u0642\u0649 \u0639\u0644\u0649 \u062a\u0648\u0627\u0635\u0644 \u0647\u0630\u0627 \u0627\u0644\u0646\u0635 \u0647\u0648 \u0645\u062b\u0627\u0644 \u0644\u0646\u0635 \u064a\u0645\u0643\u0646 \u0623\u0646 \u064a\u0633\u062a\u0628\u062f\u0644 \u0641\u064a \u0646\u0641\u0633 \u0627\u0644\u0645\u0633\u0627\u062d\u0629\u060c \u0644\u0642\u062f \u062a\u0645 \u062a\u0648\u0644\u064a\u062f \u0647\u0630\u0627 \u0627\u0644\u0646\u0635 \u0645\u0646 \u0645\u0648\u0644\u062f \u0627\u0644\u0646\u0635 \u0627\u0644\u0639\u0631\u0628\u0649 \u0627\u0644\u0645\u0643\u062a\u0628 \u0627\u0644\u0631\u0626\u064a\u0633\u064a \u0628\u0631\u0627\u0642\u064a , \u0627\u0644\u062c\u0632\u0627\u0626\u0631 \u0627\u0644\u0628\u0631\u064a\u062f \u0627\u0644\u0625\u0644\u0643\u062a\u0631\u0648\u0646\u064a contact@agrifoodtrading.com \u0627\u062a\u0635\u0644 \u0628\u0646\u0627 0770064542 \u0623\u0631\u0633\u0644 \u0644\u0646\u0627 \u0631\u0633\u0627\u0644\u0629 \u0647\u0630\u0627 \u0627\u0644\u0646\u0635 \u0647\u0648 \u0645\u062b\u0627\u0644 \u0644\u0646\u0635 \u064a\u0645\u0643\u0646 \u0623\u0646 \u064a\u0633\u062a\u0628\u062f\u0644 \u0641\u064a \u0646\u0641\u0633 \u0627\u0644\u0645\u0633\u0627\u062d\u0629\u060c \u0644\u0642\u062f \u062a\u0645 \u062a\u0648\u0644\u064a\u062f \u0647\u0630\u0627 \u0627\u0644\u0646\u0635 \u0645\u0646 \u0645\u0648\u0644\u062f [&hellip;]\" \/>\n<meta property=\"og:url\" content=\"https:\/\/agrifood-trading.com\/fr\/\u0627\u062a\u0635\u0644-\u0628\u0646\u0627\/\" \/>\n<meta property=\"og:site_name\" content=\"Agrifood Trading\" \/>\n<meta property=\"article:modified_time\" content=\"2025-04-23T11:14:47+00:00\" \/>\n<meta name=\"twitter:card\" content=\"summary_large_image\" \/>\n<meta name=\"twitter:label1\" content=\"Dur\u00e9e de lecture estim\u00e9e\" \/>\n\t<meta name=\"twitter:data1\" content=\"1 minute\" \/>\n<script type=\"application\/ld+json\" class=\"yoast-schema-graph\">{\"@context\":\"https:\/\/schema.org\",\"@graph\":[{\"@type\":\"WebPage\",\"@id\":\"https:\/\/agrifood-trading.com\/%d8%a7%d8%aa%d8%b5%d9%84-%d8%a8%d9%86%d8%a7\/\",\"url\":\"https:\/\/agrifood-trading.com\/%d8%a7%d8%aa%d8%b5%d9%84-%d8%a8%d9%86%d8%a7\/\",\"name\":\"\u0627\u062a\u0635\u0644 \u0628\u0646\u0627 - Agrifood Trading\",\"isPartOf\":{\"@id\":\"https:\/\/agrifood-trading.com\/fr\/#website\"},\"datePublished\":\"2024-06-05T18:55:06+00:00\",\"dateModified\":\"2025-04-23T11:14:47+00:00\",\"breadcrumb\":{\"@id\":\"https:\/\/agrifood-trading.com\/%d8%a7%d8%aa%d8%b5%d9%84-%d8%a8%d9%86%d8%a7\/#breadcrumb\"},\"inLanguage\":\"fr-FR\",\"potentialAction\":[{\"@type\":\"ReadAction\",\"target\":[\"https:\/\/agrifood-trading.com\/%d8%a7%d8%aa%d8%b5%d9%84-%d8%a8%d9%86%d8%a7\/\"]}]},{\"@type\":\"BreadcrumbList\",\"@id\":\"https:\/\/agrifood-trading.com\/%d8%a7%d8%aa%d8%b5%d9%84-%d8%a8%d9%86%d8%a7\/#breadcrumb\",\"itemListElement\":[{\"@type\":\"ListItem\",\"position\":1,\"name\":\"Home\",\"item\":\"https:\/\/agrifood-trading.com\/\"},{\"@type\":\"ListItem\",\"position\":2,\"name\":\"\u0627\u062a\u0635\u0644 \u0628\u0646\u0627\"}]},{\"@type\":\"WebSite\",\"@id\":\"https:\/\/agrifood-trading.com\/fr\/#website\",\"url\":\"https:\/\/agrifood-trading.com\/fr\/\",\"name\":\"Agrifood Trading\",\"description\":\"\",\"potentialAction\":[{\"@type\":\"SearchAction\",\"target\":{\"@type\":\"EntryPoint\",\"urlTemplate\":\"https:\/\/agrifood-trading.com\/fr\/?s={search_term_string}\"},\"query-input\":{\"@type\":\"PropertyValueSpecification\",\"valueRequired\":true,\"valueName\":\"search_term_string\"}}],\"inLanguage\":\"fr-FR\"}]}<\/script>\n<!-- \/ Yoast SEO plugin. -->","yoast_head_json":{"title":"\u0627\u062a\u0635\u0644 \u0628\u0646\u0627 - Agrifood Trading","robots":{"index":"index","follow":"follow","max-snippet":"max-snippet:-1","max-image-preview":"max-image-preview:large","max-video-preview":"max-video-preview:-1"},"canonical":"https:\/\/agrifood-trading.com\/fr\/\u0627\u062a\u0635\u0644-\u0628\u0646\u0627\/","og_locale":"fr_FR","og_type":"article","og_title":"\u0627\u062a\u0635\u0644 \u0628\u0646\u0627 - Agrifood Trading","og_description":"\u0627\u0628\u0642\u0649 \u0639\u0644\u0649 \u062a\u0648\u0627\u0635\u0644 \u0647\u0630\u0627 \u0627\u0644\u0646\u0635 \u0647\u0648 \u0645\u062b\u0627\u0644 \u0644\u0646\u0635 \u064a\u0645\u0643\u0646 \u0623\u0646 \u064a\u0633\u062a\u0628\u062f\u0644 \u0641\u064a \u0646\u0641\u0633 \u0627\u0644\u0645\u0633\u0627\u062d\u0629\u060c \u0644\u0642\u062f \u062a\u0645 \u062a\u0648\u0644\u064a\u062f \u0647\u0630\u0627 \u0627\u0644\u0646\u0635 \u0645\u0646 \u0645\u0648\u0644\u062f \u0627\u0644\u0646\u0635 \u0627\u0644\u0639\u0631\u0628\u0649 \u0627\u0644\u0645\u0643\u062a\u0628 \u0627\u0644\u0631\u0626\u064a\u0633\u064a \u0628\u0631\u0627\u0642\u064a , \u0627\u0644\u062c\u0632\u0627\u0626\u0631 \u0627\u0644\u0628\u0631\u064a\u062f \u0627\u0644\u0625\u0644\u0643\u062a\u0631\u0648\u0646\u064a contact@agrifoodtrading.com \u0627\u062a\u0635\u0644 \u0628\u0646\u0627 0770064542 \u0623\u0631\u0633\u0644 \u0644\u0646\u0627 \u0631\u0633\u0627\u0644\u0629 \u0647\u0630\u0627 \u0627\u0644\u0646\u0635 \u0647\u0648 \u0645\u062b\u0627\u0644 \u0644\u0646\u0635 \u064a\u0645\u0643\u0646 \u0623\u0646 \u064a\u0633\u062a\u0628\u062f\u0644 \u0641\u064a \u0646\u0641\u0633 \u0627\u0644\u0645\u0633\u0627\u062d\u0629\u060c \u0644\u0642\u062f \u062a\u0645 \u062a\u0648\u0644\u064a\u062f \u0647\u0630\u0627 \u0627\u0644\u0646\u0635 \u0645\u0646 \u0645\u0648\u0644\u062f [&hellip;]","og_url":"https:\/\/agrifood-trading.com\/fr\/\u0627\u062a\u0635\u0644-\u0628\u0646\u0627\/","og_site_name":"Agrifood Trading","article_modified_time":"2025-04-23T11:14:47+00:00","twitter_card":"summary_large_image","twitter_misc":{"Dur\u00e9e de lecture estim\u00e9e":"1 minute"},"schema":{"@context":"https:\/\/schema.org","@graph":[{"@type":"WebPage","@id":"https:\/\/agrifood-trading.com\/%d8%a7%d8%aa%d8%b5%d9%84-%d8%a8%d9%86%d8%a7\/","url":"https:\/\/agrifood-trading.com\/%d8%a7%d8%aa%d8%b5%d9%84-%d8%a8%d9%86%d8%a7\/","name":"\u0627\u062a\u0635\u0644 \u0628\u0646\u0627 - Agrifood Trading","isPartOf":{"@id":"https:\/\/agrifood-trading.com\/fr\/#website"},"datePublished":"2024-06-05T18:55:06+00:00","dateModified":"2025-04-23T11:14:47+00:00","breadcrumb":{"@id":"https:\/\/agrifood-trading.com\/%d8%a7%d8%aa%d8%b5%d9%84-%d8%a8%d9%86%d8%a7\/#breadcrumb"},"inLanguage":"fr-FR","potentialAction":[{"@type":"ReadAction","target":["https:\/\/agrifood-trading.com\/%d8%a7%d8%aa%d8%b5%d9%84-%d8%a8%d9%86%d8%a7\/"]}]},{"@type":"BreadcrumbList","@id":"https:\/\/agrifood-trading.com\/%d8%a7%d8%aa%d8%b5%d9%84-%d8%a8%d9%86%d8%a7\/#breadcrumb","itemListElement":[{"@type":"ListItem","position":1,"name":"Home","item":"https:\/\/agrifood-trading.com\/"},{"@type":"ListItem","position":2,"name":"\u0627\u062a\u0635\u0644 \u0628\u0646\u0627"}]},{"@type":"WebSite","@id":"https:\/\/agrifood-trading.com\/fr\/#website","url":"https:\/\/agrifood-trading.com\/fr\/","name":"Agrifood Trading","description":"","potentialAction":[{"@type":"SearchAction","target":{"@type":"EntryPoint","urlTemplate":"https:\/\/agrifood-trading.com\/fr\/?s={search_term_string}"},"query-input":{"@type":"PropertyValueSpecification","valueRequired":true,"valueName":"search_term_string"}}],"inLanguage":"fr-FR"}]}},"_links":{"self":[{"href":"https:\/\/agrifood-trading.com\/fr\/wp-json\/wp\/v2\/pages\/30","targetHints":{"allow":["GET"]}}],"collection":[{"href":"https:\/\/agrifood-trading.com\/fr\/wp-json\/wp\/v2\/pages"}],"about":[{"href":"https:\/\/agrifood-trading.com\/fr\/wp-json\/wp\/v2\/types\/page"}],"author":[{"embeddable":true,"href":"https:\/\/agrifood-trading.com\/fr\/wp-json\/wp\/v2\/users\/1"}],"replies":[{"embeddable":true,"href":"https:\/\/agrifood-trading.com\/fr\/wp-json\/wp\/v2\/comments?post=30"}],"version-history":[{"count":41,"href":"https:\/\/agrifood-trading.com\/fr\/wp-json\/wp\/v2\/pages\/30\/revisions"}],"predecessor-version":[{"id":1516,"href":"https:\/\/agrifood-trading.com\/fr\/wp-json\/wp\/v2\/pages\/30\/revisions\/1516"}],"wp:attachment":[{"href":"https:\/\/agrifood-trading.com\/fr\/wp-json\/wp\/v2\/media?parent=30"}],"curies":[{"name":"wp","href":"https:\/\/api.w.org\/{rel}","templated":true}]}}