{"id":42,"date":"2024-06-05T18:59:36","date_gmt":"2024-06-05T18:59:36","guid":{"rendered":"https:\/\/agrifoodtrading.hibaboudis.com\/?page_id=42"},"modified":"2025-04-06T14:12:59","modified_gmt":"2025-04-06T14:12:59","slug":"%d9%88%d8%b5%d9%81%d8%a7%d8%aa%d9%86%d8%a7","status":"publish","type":"page","link":"https:\/\/agrifood-trading.com\/fr\/%d9%88%d8%b5%d9%81%d8%a7%d8%aa%d9%86%d8%a7\/","title":{"rendered":"Nos recettes"},"content":{"rendered":"<div data-elementor-type=\"wp-page\" data-elementor-id=\"42\" class=\"elementor elementor-42\" data-elementor-post-type=\"page\">\n\t\t\t\t<div class=\"elementor-element elementor-element-19417fd3 e-flex e-con-boxed e-con e-parent\" data-id=\"19417fd3\" data-element_type=\"container\" data-settings=\"{&quot;background_background&quot;:&quot;classic&quot;}\">\n\t\t\t\t\t<div class=\"e-con-inner\">\n\t\t<div class=\"elementor-element elementor-element-31f610e6 e-flex e-con-boxed e-con e-child\" data-id=\"31f610e6\" data-element_type=\"container\">\n\t\t\t\t\t<div class=\"e-con-inner\">\n\t\t\t\t<div class=\"elementor-element elementor-element-59a484c elementor-invisible elementor-widget elementor-widget-heading\" data-id=\"59a484c\" data-element_type=\"widget\" data-settings=\"{&quot;_animation&quot;:&quot;fadeInUp&quot;,&quot;_animation_delay&quot;:200}\" data-widget_type=\"heading.default\">\n\t\t\t\t<div class=\"elementor-widget-container\">\n\t\t\t\t\t<h2 class=\"elementor-heading-title elementor-size-default\">Nos recettes<\/h2>\t\t\t\t<\/div>\n\t\t\t\t<\/div>\n\t\t\t\t\t<\/div>\n\t\t\t\t<\/div>\n\t\t\t\t\t<\/div>\n\t\t\t\t<\/div>\n\t\t<div class=\"elementor-element elementor-element-5774bcf e-flex e-con-boxed e-con e-parent\" data-id=\"5774bcf\" data-element_type=\"container\" data-settings=\"{&quot;background_background&quot;:&quot;classic&quot;}\">\n\t\t\t\t\t<div class=\"e-con-inner\">\n\t\t<div class=\"elementor-element elementor-element-7cfe077 e-flex e-con-boxed e-con e-child\" data-id=\"7cfe077\" data-element_type=\"container\">\n\t\t\t\t\t<div class=\"e-con-inner\">\n\t\t\t\t<div class=\"elementor-element elementor-element-51791ef elementor-widget elementor-widget-heading\" data-id=\"51791ef\" data-element_type=\"widget\" data-widget_type=\"heading.default\">\n\t\t\t\t<div class=\"elementor-widget-container\">\n\t\t\t\t\t<h2 class=\"elementor-heading-title elementor-size-default\">Derni\u00e8res recettes<\/h2>\t\t\t\t<\/div>\n\t\t\t\t<\/div>\n\t\t\t\t<div class=\"elementor-element elementor-element-8e0e434 elementor-widget elementor-widget-button\" data-id=\"8e0e434\" data-element_type=\"widget\" data-widget_type=\"button.default\">\n\t\t\t\t<div class=\"elementor-widget-container\">\n\t\t\t\t\t\t\t\t\t<div class=\"elementor-button-wrapper\">\n\t\t\t\t\t<a class=\"elementor-button elementor-size-sm\" role=\"button\">\n\t\t\t\t\t\t<span class=\"elementor-button-content-wrapper\">\n\t\t\t\t\t\t\t\t\t<span class=\"elementor-button-text\">Toutes les recettes<\/span>\n\t\t\t\t\t<\/span>\n\t\t\t\t\t<\/a>\n\t\t\t\t<\/div>\n\t\t\t\t\t\t\t\t<\/div>\n\t\t\t\t<\/div>\n\t\t\t\t\t<\/div>\n\t\t\t\t<\/div>\n\t\t\t\t\t<\/div>\n\t\t\t\t<\/div>\n\t\t<div class=\"elementor-element elementor-element-3552e48 e-flex e-con-boxed e-con e-parent\" data-id=\"3552e48\" data-element_type=\"container\">\n\t\t\t\t\t<div class=\"e-con-inner\">\n\t\t\t\t<div class=\"elementor-element elementor-element-ca99380 elementor-widget elementor-widget-elementskit-blog-posts\" data-id=\"ca99380\" data-element_type=\"widget\" data-widget_type=\"elementskit-blog-posts.default\">\n\t\t\t\t<div class=\"elementor-widget-container\">\n\t\t\t\t\t<div class=\"ekit-wid-con\" >        <div id=\"post-items--ca99380\" class=\"row post-items\">\n                    <div class=\"col-lg-4 col-md-6\">\n\n                                    <div class=\"elementskit-post-image-card\">\n                        <div class=\"elementskit-entry-header\">\n                                                            <a href=\"https:\/\/agrifood-trading.com\/fr\/%d8%aa%d9%8a%d8%b1%d8%a7%d9%85%d9%8a%d8%b3%d9%88\/\" class=\"elementskit-entry-thumb\">\n                                    <img fetchpriority=\"high\" decoding=\"async\" src=\"https:\/\/mlujsk2mxcyv.i.optimole.com\/w:768\/h:1017\/q:mauto\/ig:avif\/https:\/\/agrifood-trading.com\/wp-content\/uploads\/2025\/04\/1000056979-01.jpeg\" alt=\"\u00a0\u062a\u064a\u0631\u0627\u0645\u064a\u0633\u0648\u00a0\">\n                                <\/a><!-- .elementskit-entry-thumb END -->\n                                                            \n                            \n\t\t\t\t\t\t\t\t\t\t\t\t\t<\/div><!-- .elementskit-entry-header END -->\n\n\t\t\t\t\t\t<div class=\"elementskit-post-body\">\n\t\t\t\t\t\t\t\n\t\t\t\t\t\t\t\t\t\t\t\t\t\t\t\t\t\t\t\t\t\t\t\t\t\n\t\t\t\t\t\t\t\t\n\t\t\t\t\t\t\t\t\t\t\t\t\t\t\t\t\t\t\t\t\t<h2 class=\"entry-title\">\n\t\t\t\t\t<a href=\"https:\/\/agrifood-trading.com\/fr\/%d8%aa%d9%8a%d8%b1%d8%a7%d9%85%d9%8a%d8%b3%d9%88\/\">\n\t\t\t\t\t\t\u00a0Tiramisu\u00a0\t\t\t\t\t<\/a>\n\t\t\t\t<\/h2>\n\t\t\t\t\t\t\t\t\t\t\t\t\t\t\t\t\t\t\t\t\t\t\t\t\t\t\t\t\t\t\t\t\t\t\t\t\t\t\t\t\t\t<p>Recette de tiramisu facile et d\u00e9licieuse<\/p>\n\t\t\t\t\t\t\t\t\t\t\t\t\t\t\t\t\t\t\t\t\t\t                                                            <div class=\"btn-wraper\">\n                                    \n                                                                            <a class=\"elementskit-btn whitespace--normal\" id=\"\" href=\"https:\/\/agrifood-trading.com\/fr\/%d8%aa%d9%8a%d8%b1%d8%a7%d9%85%d9%8a%d8%b3%d9%88\/\">\n                                        \t                                            Obtenez la recette                                        <\/a>\n                                                                    <\/div>\n                                                    <\/div><!-- .elementskit-post-body END -->\n                    <\/div>\n                \n            <\/div>\n                    <div class=\"col-lg-4 col-md-6\">\n\n                                    <div class=\"elementskit-post-image-card\">\n                        <div class=\"elementskit-entry-header\">\n                                                            <a href=\"https:\/\/agrifood-trading.com\/fr\/%d9%85%d8%b9%d8%b3%d9%84%d8%a7%d8%aa\/\" class=\"elementskit-entry-thumb\">\n                                    <img fetchpriority=\"high\" decoding=\"async\" src=\"https:\/\/mlujsk2mxcyv.i.optimole.com\/w:768\/h:1029\/q:mauto\/ig:avif\/https:\/\/agrifood-trading.com\/wp-content\/uploads\/2025\/04\/20250217_232123-2-scaled-e1743948872990.jpg\" alt=\"\u0645\u0639\u0633\u0644\u0627\u062a\">\n                                <\/a><!-- .elementskit-entry-thumb END -->\n                                                            \n                            \n\t\t\t\t\t\t\t\t\t\t\t\t\t<\/div><!-- .elementskit-entry-header END -->\n\n\t\t\t\t\t\t<div class=\"elementskit-post-body\">\n\t\t\t\t\t\t\t\n\t\t\t\t\t\t\t\t\t\t\t\t\t\t\t\t\t\t\t\t\t\t\t\t\t\n\t\t\t\t\t\t\t\t\n\t\t\t\t\t\t\t\t\t\t\t\t\t\t\t\t\t\t\t\t\t<h2 class=\"entry-title\">\n\t\t\t\t\t<a href=\"https:\/\/agrifood-trading.com\/fr\/%d9%85%d8%b9%d8%b3%d9%84%d8%a7%d8%aa\/\">\n\t\t\t\t\t\tMouaasalat\t\t\t\t\t<\/a>\n\t\t\t\t<\/h2>\n\t\t\t\t\t\t\t\t\t\t\t\t\t\t\t\t\t\t\t\t\t\t\t\t\t\t\t\t\t\t\t\t\t\t\t\t\t\t\t\t\t\t<p>M\u00e9lasse facile et rapide au go\u00fbt d\u00e9licieux<\/p>\n\t\t\t\t\t\t\t\t\t\t\t\t\t\t\t\t\t\t\t\t\t\t                                                            <div class=\"btn-wraper\">\n                                    \n                                                                            <a class=\"elementskit-btn whitespace--normal\" id=\"\" href=\"https:\/\/agrifood-trading.com\/fr\/%d9%85%d8%b9%d8%b3%d9%84%d8%a7%d8%aa\/\">\n                                        \t                                            Obtenez la recette                                        <\/a>\n                                                                    <\/div>\n                                                    <\/div><!-- .elementskit-post-body END -->\n                    <\/div>\n                \n            <\/div>\n                    <div class=\"col-lg-4 col-md-6\">\n\n                                    <div class=\"elementskit-post-image-card\">\n                        <div class=\"elementskit-entry-header\">\n                                                            <a href=\"https:\/\/agrifood-trading.com\/fr\/%d8%aa%d8%a7%d8%b1%d8%aa-%d8%a8%d8%a7%d9%84%d9%81%d8%b1%d8%a7%d9%88%d9%84%d8%a9\/\" class=\"elementskit-entry-thumb\">\n                                    <img data-opt-src=\"https:\/\/mlujsk2mxcyv.i.optimole.com\/w:768\/h:1024\/q:mauto\/ig:avif\/https:\/\/agrifood-trading.com\/wp-content\/uploads\/2025\/04\/image00001.jpeg\"  decoding=\"async\" src=\"data:image/svg+xml,%3Csvg%20viewBox%3D%220%200%20768%201024%22%20width%3D%22768%22%20height%3D%221024%22%20xmlns%3D%22http%3A%2F%2Fwww.w3.org%2F2000%2Fsvg%22%3E%3Crect%20width%3D%22768%22%20height%3D%221024%22%20fill%3D%22transparent%22%2F%3E%3C%2Fsvg%3E\" alt=\"\u062a\u0627\u0631\u062a \u0628\u0627\u0644\u0641\u0631\u0627\u0648\u0644\u0629\">\n                                <\/a><!-- .elementskit-entry-thumb END -->\n                                                            \n                            \n\t\t\t\t\t\t\t\t\t\t\t\t\t<\/div><!-- .elementskit-entry-header END -->\n\n\t\t\t\t\t\t<div class=\"elementskit-post-body\">\n\t\t\t\t\t\t\t\n\t\t\t\t\t\t\t\t\t\t\t\t\t\t\t\t\t\t\t\t\t\t\t\t\t\n\t\t\t\t\t\t\t\t\n\t\t\t\t\t\t\t\t\t\t\t\t\t\t\t\t\t\t\t\t\t<h2 class=\"entry-title\">\n\t\t\t\t\t<a href=\"https:\/\/agrifood-trading.com\/fr\/%d8%aa%d8%a7%d8%b1%d8%aa-%d8%a8%d8%a7%d9%84%d9%81%d8%b1%d8%a7%d9%88%d9%84%d8%a9\/\">\n\t\t\t\t\t\tTarte aux fraises\t\t\t\t\t<\/a>\n\t\t\t\t<\/h2>\n\t\t\t\t\t\t\t\t\t\t\t\t\t\t\t\t\t\t\t\t\t\t\t\t\t\t\t\t\t\t\t\t\t\t\t\t\t\t\t\t\t\t<p>Tarte facile et d\u00e9licieuse<\/p>\n\t\t\t\t\t\t\t\t\t\t\t\t\t\t\t\t\t\t\t\t\t\t                                                            <div class=\"btn-wraper\">\n                                    \n                                                                            <a class=\"elementskit-btn whitespace--normal\" id=\"\" href=\"https:\/\/agrifood-trading.com\/fr\/%d8%aa%d8%a7%d8%b1%d8%aa-%d8%a8%d8%a7%d9%84%d9%81%d8%b1%d8%a7%d9%88%d9%84%d8%a9\/\">\n                                        \t                                            Obtenez la recette                                        <\/a>\n                                                                    <\/div>\n                                                    <\/div><!-- .elementskit-post-body END -->\n                    <\/div>\n                \n            <\/div>\n                <\/div>\n       <\/div>\t\t\t\t<\/div>\n\t\t\t\t<\/div>\n\t\t\t\t\t<\/div>\n\t\t\t\t<\/div>\n\t\t\t\t<\/div>","protected":false},"excerpt":{"rendered":"<p>\u0623\u062d\u062f\u062b \u0627\u0644\u0648\u0635\u0641\u0627\u062a \u062c\u0645\u064a\u0639 \u0627\u0644\u0648\u0635\u0641\u0627\u062a \u0637\u0627\u062c\u064a\u0646 \u0627\u0644\u062e\u0648\u062e \u0637\u0627\u062c\u064a\u0646 \u0627\u0644\u062e\u0648\u062e \u0647\u0648 \u0623\u062d\u062f \u0627\u0644\u0623\u0637\u0628\u0627\u0642 \u0627\u0644\u062a\u0642\u0644\u064a\u062f\u064a\u0629 \u0627\u0644\u0634\u0647\u064a\u0631\u0629 \u0641\u064a \u0627\u0644\u062c\u0632\u0627\u0626\u0631. \u064a\u064f\u062d\u0636\u0631 \u0647\u0630\u0627 \u0627\u0644\u0637\u0628\u0642 \u0645\u0646 \u0645\u0632\u064a\u062c \u0645\u0645\u064a\u0632 \u0645\u0646 \u0627\u0644\u0644\u062d\u0645 \u0648\u0627\u0644\u062d\u0645\u0635 \u0627\u0644\u0645\u0637\u0628\u0648\u062e \u0641\u064a \u0635\u0644\u0635\u0629 \u0645\u0639\u0637\u0631\u0629&hellip; \u0627\u062d\u0635\u0644 \u0639\u0644\u0649 \u0627\u0644\u0648\u0635\u0641\u0629 \u0635\u0627\u0628\u0644\u064a \u0627\u0644\u0635\u0627\u0628\u0644\u064a \u0627\u0644\u062c\u0632\u0627\u0626\u0631\u064a \u0647\u0648 \u0646\u0648\u0639 \u0645\u0646 \u0627\u0644\u062d\u0644\u0648\u0649 \u0627\u0644\u062a\u0642\u0644\u064a\u062f\u064a\u0629 \u0627\u0644\u0645\u062d\u0628\u0628\u0629 \u0641\u064a \u0627\u0644\u062c\u0632\u0627\u0626\u0631. \u064a\u062a\u0645\u064a\u0632 \u0647\u0630\u0627 \u0627\u0644\u0628\u0633\u0643\u0648\u064a\u062a \u0628\u0646\u0639\u0648\u0645\u062a\u0647 \u0648\u0647\u0634\u0627\u0634\u062a\u0647 \u0627\u0644\u062a\u064a \u062a\u0630\u0648\u0628 \u0641\u064a \u0627\u0644\u0641\u0645. \u064a\u062a\u0645 \u062a\u0634\u0643\u064a\u0644\u0647 \u0628\u0623\u0634\u0643\u0627\u0644&hellip; \u0627\u062d\u0635\u0644 [&hellip;]<\/p>","protected":false},"author":1,"featured_media":0,"parent":0,"menu_order":0,"comment_status":"closed","ping_status":"closed","template":"elementor_header_footer","meta":{"footnotes":""},"class_list":["post-42","page","type-page","status-publish","hentry"],"yoast_head":"<!-- This site is optimized with the Yoast SEO plugin v24.8.1 - https:\/\/yoast.com\/wordpress\/plugins\/seo\/ -->\n<title>\u0648\u0635\u0641\u0627\u062a\u0646\u0627 - Agrifood Trading<\/title>\n<meta name=\"robots\" content=\"index, follow, max-snippet:-1, max-image-preview:large, max-video-preview:-1\" \/>\n<link rel=\"canonical\" href=\"https:\/\/agrifood-trading.com\/fr\/\u0648\u0635\u0641\u0627\u062a\u0646\u0627\/\" \/>\n<meta property=\"og:locale\" content=\"fr_FR\" \/>\n<meta property=\"og:type\" content=\"article\" \/>\n<meta property=\"og:title\" content=\"\u0648\u0635\u0641\u0627\u062a\u0646\u0627 - Agrifood Trading\" \/>\n<meta property=\"og:description\" content=\"\u0623\u062d\u062f\u062b \u0627\u0644\u0648\u0635\u0641\u0627\u062a \u062c\u0645\u064a\u0639 \u0627\u0644\u0648\u0635\u0641\u0627\u062a \u0637\u0627\u062c\u064a\u0646 \u0627\u0644\u062e\u0648\u062e \u0637\u0627\u062c\u064a\u0646 \u0627\u0644\u062e\u0648\u062e \u0647\u0648 \u0623\u062d\u062f \u0627\u0644\u0623\u0637\u0628\u0627\u0642 \u0627\u0644\u062a\u0642\u0644\u064a\u062f\u064a\u0629 \u0627\u0644\u0634\u0647\u064a\u0631\u0629 \u0641\u064a \u0627\u0644\u062c\u0632\u0627\u0626\u0631. \u064a\u064f\u062d\u0636\u0631 \u0647\u0630\u0627 \u0627\u0644\u0637\u0628\u0642 \u0645\u0646 \u0645\u0632\u064a\u062c \u0645\u0645\u064a\u0632 \u0645\u0646 \u0627\u0644\u0644\u062d\u0645 \u0648\u0627\u0644\u062d\u0645\u0635 \u0627\u0644\u0645\u0637\u0628\u0648\u062e \u0641\u064a \u0635\u0644\u0635\u0629 \u0645\u0639\u0637\u0631\u0629&hellip; \u0627\u062d\u0635\u0644 \u0639\u0644\u0649 \u0627\u0644\u0648\u0635\u0641\u0629 \u0635\u0627\u0628\u0644\u064a \u0627\u0644\u0635\u0627\u0628\u0644\u064a \u0627\u0644\u062c\u0632\u0627\u0626\u0631\u064a \u0647\u0648 \u0646\u0648\u0639 \u0645\u0646 \u0627\u0644\u062d\u0644\u0648\u0649 \u0627\u0644\u062a\u0642\u0644\u064a\u062f\u064a\u0629 \u0627\u0644\u0645\u062d\u0628\u0628\u0629 \u0641\u064a \u0627\u0644\u062c\u0632\u0627\u0626\u0631. \u064a\u062a\u0645\u064a\u0632 \u0647\u0630\u0627 \u0627\u0644\u0628\u0633\u0643\u0648\u064a\u062a \u0628\u0646\u0639\u0648\u0645\u062a\u0647 \u0648\u0647\u0634\u0627\u0634\u062a\u0647 \u0627\u0644\u062a\u064a \u062a\u0630\u0648\u0628 \u0641\u064a \u0627\u0644\u0641\u0645. \u064a\u062a\u0645 \u062a\u0634\u0643\u064a\u0644\u0647 \u0628\u0623\u0634\u0643\u0627\u0644&hellip; \u0627\u062d\u0635\u0644 [&hellip;]\" \/>\n<meta property=\"og:url\" content=\"https:\/\/agrifood-trading.com\/fr\/\u0648\u0635\u0641\u0627\u062a\u0646\u0627\/\" \/>\n<meta property=\"og:site_name\" content=\"Agrifood Trading\" \/>\n<meta property=\"article:modified_time\" content=\"2025-04-06T14:12:59+00:00\" \/>\n<meta property=\"og:image\" content=\"https:\/\/mlujsk2mxcyv.i.optimole.com\/w:768\/h:1017\/q:mauto\/ig:avif\/https:\/\/agrifood-trading.com\/wp-content\/uploads\/2025\/04\/1000056979-01.jpeg\" \/>\n<meta name=\"twitter:card\" content=\"summary_large_image\" \/>\n<meta name=\"twitter:label1\" content=\"Dur\u00e9e de lecture estim\u00e9e\" \/>\n\t<meta name=\"twitter:data1\" content=\"2 minutes\" \/>\n<script type=\"application\/ld+json\" class=\"yoast-schema-graph\">{\"@context\":\"https:\/\/schema.org\",\"@graph\":[{\"@type\":\"WebPage\",\"@id\":\"https:\/\/agrifood-trading.com\/%d9%88%d8%b5%d9%81%d8%a7%d8%aa%d9%86%d8%a7\/\",\"url\":\"https:\/\/agrifood-trading.com\/%d9%88%d8%b5%d9%81%d8%a7%d8%aa%d9%86%d8%a7\/\",\"name\":\"\u0648\u0635\u0641\u0627\u062a\u0646\u0627 - Agrifood Trading\",\"isPartOf\":{\"@id\":\"https:\/\/agrifood-trading.com\/fr\/#website\"},\"primaryImageOfPage\":{\"@id\":\"https:\/\/agrifood-trading.com\/%d9%88%d8%b5%d9%81%d8%a7%d8%aa%d9%86%d8%a7\/#primaryimage\"},\"image\":{\"@id\":\"https:\/\/agrifood-trading.com\/%d9%88%d8%b5%d9%81%d8%a7%d8%aa%d9%86%d8%a7\/#primaryimage\"},\"thumbnailUrl\":\"https:\/\/mlujsk2mxcyv.i.optimole.com\/w:768\/h:1017\/q:mauto\/ig:avif\/https:\/\/agrifood-trading.com\/wp-content\/uploads\/2025\/04\/1000056979-01.jpeg\",\"datePublished\":\"2024-06-05T18:59:36+00:00\",\"dateModified\":\"2025-04-06T14:12:59+00:00\",\"breadcrumb\":{\"@id\":\"https:\/\/agrifood-trading.com\/%d9%88%d8%b5%d9%81%d8%a7%d8%aa%d9%86%d8%a7\/#breadcrumb\"},\"inLanguage\":\"fr-FR\",\"potentialAction\":[{\"@type\":\"ReadAction\",\"target\":[\"https:\/\/agrifood-trading.com\/%d9%88%d8%b5%d9%81%d8%a7%d8%aa%d9%86%d8%a7\/\"]}]},{\"@type\":\"ImageObject\",\"inLanguage\":\"fr-FR\",\"@id\":\"https:\/\/agrifood-trading.com\/%d9%88%d8%b5%d9%81%d8%a7%d8%aa%d9%86%d8%a7\/#primaryimage\",\"url\":\"https:\/\/mlujsk2mxcyv.i.optimole.com\/w:768\/h:1017\/q:mauto\/ig:avif\/https:\/\/agrifood-trading.com\/wp-content\/uploads\/2025\/04\/1000056979-01.jpeg\",\"contentUrl\":\"https:\/\/mlujsk2mxcyv.i.optimole.com\/w:768\/h:1017\/q:mauto\/ig:avif\/https:\/\/agrifood-trading.com\/wp-content\/uploads\/2025\/04\/1000056979-01.jpeg\"},{\"@type\":\"BreadcrumbList\",\"@id\":\"https:\/\/agrifood-trading.com\/%d9%88%d8%b5%d9%81%d8%a7%d8%aa%d9%86%d8%a7\/#breadcrumb\",\"itemListElement\":[{\"@type\":\"ListItem\",\"position\":1,\"name\":\"Home\",\"item\":\"https:\/\/agrifood-trading.com\/\"},{\"@type\":\"ListItem\",\"position\":2,\"name\":\"\u0648\u0635\u0641\u0627\u062a\u0646\u0627\"}]},{\"@type\":\"WebSite\",\"@id\":\"https:\/\/agrifood-trading.com\/fr\/#website\",\"url\":\"https:\/\/agrifood-trading.com\/fr\/\",\"name\":\"Agrifood Trading\",\"description\":\"\",\"potentialAction\":[{\"@type\":\"SearchAction\",\"target\":{\"@type\":\"EntryPoint\",\"urlTemplate\":\"https:\/\/agrifood-trading.com\/fr\/?s={search_term_string}\"},\"query-input\":{\"@type\":\"PropertyValueSpecification\",\"valueRequired\":true,\"valueName\":\"search_term_string\"}}],\"inLanguage\":\"fr-FR\"}]}<\/script>\n<!-- \/ Yoast SEO plugin. -->","yoast_head_json":{"title":"\u0648\u0635\u0641\u0627\u062a\u0646\u0627 - Agrifood Trading","robots":{"index":"index","follow":"follow","max-snippet":"max-snippet:-1","max-image-preview":"max-image-preview:large","max-video-preview":"max-video-preview:-1"},"canonical":"https:\/\/agrifood-trading.com\/fr\/\u0648\u0635\u0641\u0627\u062a\u0646\u0627\/","og_locale":"fr_FR","og_type":"article","og_title":"\u0648\u0635\u0641\u0627\u062a\u0646\u0627 - Agrifood Trading","og_description":"\u0623\u062d\u062f\u062b \u0627\u0644\u0648\u0635\u0641\u0627\u062a \u062c\u0645\u064a\u0639 \u0627\u0644\u0648\u0635\u0641\u0627\u062a \u0637\u0627\u062c\u064a\u0646 \u0627\u0644\u062e\u0648\u062e \u0637\u0627\u062c\u064a\u0646 \u0627\u0644\u062e\u0648\u062e \u0647\u0648 \u0623\u062d\u062f \u0627\u0644\u0623\u0637\u0628\u0627\u0642 \u0627\u0644\u062a\u0642\u0644\u064a\u062f\u064a\u0629 \u0627\u0644\u0634\u0647\u064a\u0631\u0629 \u0641\u064a \u0627\u0644\u062c\u0632\u0627\u0626\u0631. \u064a\u064f\u062d\u0636\u0631 \u0647\u0630\u0627 \u0627\u0644\u0637\u0628\u0642 \u0645\u0646 \u0645\u0632\u064a\u062c \u0645\u0645\u064a\u0632 \u0645\u0646 \u0627\u0644\u0644\u062d\u0645 \u0648\u0627\u0644\u062d\u0645\u0635 \u0627\u0644\u0645\u0637\u0628\u0648\u062e \u0641\u064a \u0635\u0644\u0635\u0629 \u0645\u0639\u0637\u0631\u0629&hellip; \u0627\u062d\u0635\u0644 \u0639\u0644\u0649 \u0627\u0644\u0648\u0635\u0641\u0629 \u0635\u0627\u0628\u0644\u064a \u0627\u0644\u0635\u0627\u0628\u0644\u064a \u0627\u0644\u062c\u0632\u0627\u0626\u0631\u064a \u0647\u0648 \u0646\u0648\u0639 \u0645\u0646 \u0627\u0644\u062d\u0644\u0648\u0649 \u0627\u0644\u062a\u0642\u0644\u064a\u062f\u064a\u0629 \u0627\u0644\u0645\u062d\u0628\u0628\u0629 \u0641\u064a \u0627\u0644\u062c\u0632\u0627\u0626\u0631. \u064a\u062a\u0645\u064a\u0632 \u0647\u0630\u0627 \u0627\u0644\u0628\u0633\u0643\u0648\u064a\u062a \u0628\u0646\u0639\u0648\u0645\u062a\u0647 \u0648\u0647\u0634\u0627\u0634\u062a\u0647 \u0627\u0644\u062a\u064a \u062a\u0630\u0648\u0628 \u0641\u064a \u0627\u0644\u0641\u0645. \u064a\u062a\u0645 \u062a\u0634\u0643\u064a\u0644\u0647 \u0628\u0623\u0634\u0643\u0627\u0644&hellip; \u0627\u062d\u0635\u0644 [&hellip;]","og_url":"https:\/\/agrifood-trading.com\/fr\/\u0648\u0635\u0641\u0627\u062a\u0646\u0627\/","og_site_name":"Agrifood Trading","article_modified_time":"2025-04-06T14:12:59+00:00","og_image":[{"url":"https:\/\/mlujsk2mxcyv.i.optimole.com\/w:768\/h:1017\/q:mauto\/ig:avif\/https:\/\/agrifood-trading.com\/wp-content\/uploads\/2025\/04\/1000056979-01.jpeg","type":"","width":"","height":""}],"twitter_card":"summary_large_image","twitter_misc":{"Dur\u00e9e de lecture estim\u00e9e":"2 minutes"},"schema":{"@context":"https:\/\/schema.org","@graph":[{"@type":"WebPage","@id":"https:\/\/agrifood-trading.com\/%d9%88%d8%b5%d9%81%d8%a7%d8%aa%d9%86%d8%a7\/","url":"https:\/\/agrifood-trading.com\/%d9%88%d8%b5%d9%81%d8%a7%d8%aa%d9%86%d8%a7\/","name":"\u0648\u0635\u0641\u0627\u062a\u0646\u0627 - Agrifood Trading","isPartOf":{"@id":"https:\/\/agrifood-trading.com\/fr\/#website"},"primaryImageOfPage":{"@id":"https:\/\/agrifood-trading.com\/%d9%88%d8%b5%d9%81%d8%a7%d8%aa%d9%86%d8%a7\/#primaryimage"},"image":{"@id":"https:\/\/agrifood-trading.com\/%d9%88%d8%b5%d9%81%d8%a7%d8%aa%d9%86%d8%a7\/#primaryimage"},"thumbnailUrl":"https:\/\/mlujsk2mxcyv.i.optimole.com\/w:768\/h:1017\/q:mauto\/ig:avif\/https:\/\/agrifood-trading.com\/wp-content\/uploads\/2025\/04\/1000056979-01.jpeg","datePublished":"2024-06-05T18:59:36+00:00","dateModified":"2025-04-06T14:12:59+00:00","breadcrumb":{"@id":"https:\/\/agrifood-trading.com\/%d9%88%d8%b5%d9%81%d8%a7%d8%aa%d9%86%d8%a7\/#breadcrumb"},"inLanguage":"fr-FR","potentialAction":[{"@type":"ReadAction","target":["https:\/\/agrifood-trading.com\/%d9%88%d8%b5%d9%81%d8%a7%d8%aa%d9%86%d8%a7\/"]}]},{"@type":"ImageObject","inLanguage":"fr-FR","@id":"https:\/\/agrifood-trading.com\/%d9%88%d8%b5%d9%81%d8%a7%d8%aa%d9%86%d8%a7\/#primaryimage","url":"https:\/\/mlujsk2mxcyv.i.optimole.com\/w:768\/h:1017\/q:mauto\/ig:avif\/https:\/\/agrifood-trading.com\/wp-content\/uploads\/2025\/04\/1000056979-01.jpeg","contentUrl":"https:\/\/mlujsk2mxcyv.i.optimole.com\/w:768\/h:1017\/q:mauto\/ig:avif\/https:\/\/agrifood-trading.com\/wp-content\/uploads\/2025\/04\/1000056979-01.jpeg"},{"@type":"BreadcrumbList","@id":"https:\/\/agrifood-trading.com\/%d9%88%d8%b5%d9%81%d8%a7%d8%aa%d9%86%d8%a7\/#breadcrumb","itemListElement":[{"@type":"ListItem","position":1,"name":"Home","item":"https:\/\/agrifood-trading.com\/"},{"@type":"ListItem","position":2,"name":"\u0648\u0635\u0641\u0627\u062a\u0646\u0627"}]},{"@type":"WebSite","@id":"https:\/\/agrifood-trading.com\/fr\/#website","url":"https:\/\/agrifood-trading.com\/fr\/","name":"Agrifood Trading","description":"","potentialAction":[{"@type":"SearchAction","target":{"@type":"EntryPoint","urlTemplate":"https:\/\/agrifood-trading.com\/fr\/?s={search_term_string}"},"query-input":{"@type":"PropertyValueSpecification","valueRequired":true,"valueName":"search_term_string"}}],"inLanguage":"fr-FR"}]}},"_links":{"self":[{"href":"https:\/\/agrifood-trading.com\/fr\/wp-json\/wp\/v2\/pages\/42","targetHints":{"allow":["GET"]}}],"collection":[{"href":"https:\/\/agrifood-trading.com\/fr\/wp-json\/wp\/v2\/pages"}],"about":[{"href":"https:\/\/agrifood-trading.com\/fr\/wp-json\/wp\/v2\/types\/page"}],"author":[{"embeddable":true,"href":"https:\/\/agrifood-trading.com\/fr\/wp-json\/wp\/v2\/users\/1"}],"replies":[{"embeddable":true,"href":"https:\/\/agrifood-trading.com\/fr\/wp-json\/wp\/v2\/comments?post=42"}],"version-history":[{"count":53,"href":"https:\/\/agrifood-trading.com\/fr\/wp-json\/wp\/v2\/pages\/42\/revisions"}],"predecessor-version":[{"id":1417,"href":"https:\/\/agrifood-trading.com\/fr\/wp-json\/wp\/v2\/pages\/42\/revisions\/1417"}],"wp:attachment":[{"href":"https:\/\/agrifood-trading.com\/fr\/wp-json\/wp\/v2\/media?parent=42"}],"curies":[{"name":"wp","href":"https:\/\/api.w.org\/{rel}","templated":true}]}}